{"id":4069,"date":"2019-03-06T11:25:04","date_gmt":"2019-03-06T11:25:04","guid":{"rendered":"https:\/\/www.medicalhelpturkey.com\/about\/"},"modified":"2020-01-29T15:02:16","modified_gmt":"2020-01-29T12:02:16","slug":"about","status":"publish","type":"page","link":"https:\/\/www.medicalhelpturkey.com\/tr\/about\/","title":{"rendered":"about"},"content":{"rendered":"<p>[et_pb_section fb_built=&#8221;1&#8243; admin_label=&#8221;Page Title Section&#8221; _builder_version=&#8221;3.19.9&#8243; use_background_color_gradient=&#8221;on&#8221; background_color_gradient_start=&#8221;#22bb88&#8243; background_color_gradient_end=&#8221;#000dff&#8221; background_color_gradient_direction=&#8221;120deg&#8221; background_image=&#8221;https:\/\/www.medicalhelpturkey.com\/wp-content\/uploads\/2019\/03\/appointment-appointment-book-blur-40568ddd.jpg&#8221; box_shadow_style=&#8221;preset7&#8243; box_shadow_horizontal=&#8221;0px&#8221; box_shadow_vertical=&#8221;-220px&#8221; box_shadow_color=&#8221;#ffffff&#8221; custom_padding=&#8221;3px||60px||false|false&#8221;][et_pb_row admin_label=&#8221;Page Title Area&#8221; _builder_version=&#8221;3.0.92&#8243; background_size=&#8221;initial&#8221; background_position=&#8221;top_left&#8221; background_repeat=&#8221;repeat&#8221; animation_style=&#8221;fade&#8221;][et_pb_column type=&#8221;4_4&#8243; _builder_version=&#8221;3.0.47&#8243; parallax=&#8221;off&#8221; parallax_method=&#8221;on&#8221;][et_pb_text admin_label=&#8221;Title&#8221; _builder_version=&#8221;3.19.9&#8243; text_font=&#8221;Poppins||||||||&#8221; text_font_size=&#8221;18px&#8221; text_line_height=&#8221;1.8em&#8221; header_font=&#8221;Poppins|600|||||||&#8221; header_font_size=&#8221;48px&#8221; header_line_height=&#8221;1.4em&#8221; header_2_font=&#8221;||||||||&#8221; text_orientation=&#8221;center&#8221; background_layout=&#8221;dark&#8221; max_width=&#8221;700px&#8221; module_alignment=&#8221;center&#8221; custom_margin=&#8221;|||&#8221; animation_style=&#8221;fade&#8221;]<\/p>\n<h1>Hakk\u0131m\u0131zda<\/h1>\n<p>[\/et_pb_text][\/et_pb_column][\/et_pb_row][et_pb_row custom_padding=&#8221;0px|0px|0px|0px&#8221; custom_margin=&#8221;25px|||&#8221; make_equal=&#8221;on&#8221; background_color_2=&#8221;#f7f7f7&#8243; padding_top_1=&#8221;60px&#8221; padding_top_2=&#8221;0px&#8221; padding_right_1=&#8221;40px&#8221; padding_right_2=&#8221;0px&#8221; padding_bottom_1=&#8221;60px&#8221; padding_bottom_2=&#8221;0px&#8221; padding_left_1=&#8221;40px&#8221; padding_left_2=&#8221;0px&#8221; admin_label=&#8221;Pricing Area&#8221; _builder_version=&#8221;3.19.9&#8243; background_color=&#8221;#ffffff&#8221; border_radii=&#8221;on|3px|3px|3px|3px&#8221; box_shadow_style=&#8221;preset2&#8243; box_shadow_horizontal=&#8221;0px&#8221; box_shadow_vertical=&#8221;10px&#8221; box_shadow_blur=&#8221;55px&#8221; box_shadow_color=&#8221;rgba(0,0,0,0.07)&#8221; animation_style=&#8221;slide&#8221; animation_direction=&#8221;top&#8221; animation_intensity_slide=&#8221;3%&#8221; animation_starting_opacity=&#8221;100%&#8221;][et_pb_column type=&#8221;3_4&#8243; _builder_version=&#8221;3.0.47&#8243; padding_bottom=&#8221;60px&#8221; padding_left=&#8221;40px&#8221; padding_right=&#8221;40px&#8221; padding_top=&#8221;60px&#8221; parallax=&#8221;off&#8221; parallax_method=&#8221;on&#8221;][et_pb_text _builder_version=&#8221;3.19.9&#8243;]<\/p>\n<p style=\"text-align: justify;\">&#8220;Medical Help Turkey&#8221;, hastalar\u0131n k\u00fcreselle\u015fmi\u015f bir sa\u011fl\u0131k hizmetleri pazar\u0131nda y\u00fcksek kaliteli ve uygun fiyatl\u0131 tedaviye eri\u015fmelerine yard\u0131mc\u0131 olan bir medikal turizm acentesi kolayla\u015ft\u0131r\u0131c\u0131s\u0131d\u0131r. Geni\u015f sa\u011fl\u0131k a\u011f\u0131m\u0131z, uluslararas\u0131 hastalara m\u00fcmk\u00fcn olan en iyi bak\u0131m\u0131 sa\u011flamak i\u00e7in m\u00fckemmel bir \u00fcne sahip en iyi hastaneler ve t\u0131p uzmanlar\u0131ndan olu\u015fmaktad\u0131r. Fiyatlar Avrupa&#8217;dan ve di\u011fer bir\u00e7ok \u00fclkeden% 70 daha d\u00fc\u015f\u00fckt\u00fcr ve ameliyat i\u00e7in bekleme s\u00fcresi yoktur. \u015eirketin tam kapsaml\u0131 fiyatland\u0131rma yap\u0131s\u0131 \u015feffaft\u0131r ve gizli ekstralar yoktur. Uluslararas\u0131 hastalar, tedavi gezileri boyunca &#8220;Medical Help Turkey&#8221; in hem \u0130ngilizce hem de Arap\u00e7a ana dillerini konu\u015fan deneyimli ekibi taraf\u0131ndan desteklenmektedir. \u015eirket, en iyi maliyet-kalite oran\u0131n\u0131 bulabilir ve her bireyin ihtiya\u00e7lar\u0131 ve b\u00fct\u00e7esi i\u00e7in bir plan geli\u015ftirebilir.<\/p>\n<p style=\"text-align: justify;\">Profesyonel ekibimiz hastan\u0131n eksiksiz t\u0131bbi tedavisini d\u00fczenler ve ayr\u0131ca ayr\u0131l\u0131\u015f \u00f6ncesi kons\u00fcltasyon ve yerinde servis de i\u00e7erir. Ayr\u0131l\u0131\u015f \u00f6ncesi dan\u0131\u015fmanl\u0131k ve yerinde yard\u0131m hizmetlerimize dahildir. Bizim \u00f6ncelikli misyonumuz, m\u00fc\u015fterilerimize adil bir teklif sunmak i\u00e7in \u015feffaf fiyatland\u0131rma i\u00e7in sundu\u011fumuz hizmetler hakk\u0131nda net, kolay anla\u015f\u0131l\u0131r bilgiler sunmakt\u0131r.<\/p>\n<p>[\/et_pb_text][\/et_pb_column][et_pb_column type=&#8221;1_4&#8243; _builder_version=&#8221;3.0.47&#8243; padding_bottom=&#8221;0px&#8221; padding_left=&#8221;0px&#8221; padding_right=&#8221;0px&#8221; padding_top=&#8221;0px&#8221; background_color=&#8221;#f7f7f7&#8243; parallax=&#8221;off&#8221; parallax_method=&#8221;on&#8221;][et_pb_code _builder_version=&#8221;3.19.9&#8243; background_color=&#8221;#ffffff&#8221; custom_padding=&#8221;61px|21px|42px|&#8221;]\n<div class=\"wpcf7 no-js\" id=\"wpcf7-f4053-o1\" lang=\"en-US\" dir=\"ltr\" data-wpcf7-id=\"4053\">\n<div class=\"screen-reader-response\"><p role=\"status\" aria-live=\"polite\" aria-atomic=\"true\"><\/p> <ul><\/ul><\/div>\n<form action=\"\/tr\/wp-json\/wp\/v2\/pages\/4069#wpcf7-f4053-o1\" method=\"post\" class=\"wpcf7-form init wpcf7-acceptance-as-validation\" aria-label=\"Contact form\" novalidate=\"novalidate\" data-status=\"init\">\n<fieldset class=\"hidden-fields-container\"><input type=\"hidden\" name=\"_wpcf7\" value=\"4053\" \/><input type=\"hidden\" name=\"_wpcf7_version\" value=\"6.1.5\" \/><input type=\"hidden\" name=\"_wpcf7_locale\" value=\"en_US\" \/><input type=\"hidden\" name=\"_wpcf7_unit_tag\" value=\"wpcf7-f4053-o1\" \/><input type=\"hidden\" name=\"_wpcf7_container_post\" value=\"0\" \/><input type=\"hidden\" name=\"_wpcf7_posted_data_hash\" value=\"\" \/>\n<\/fieldset>\n<p><span class=\"wpcf7-form-control-wrap\" data-name=\"your-name\"><input size=\"40\" maxlength=\"400\" class=\"wpcf7-form-control wpcf7-text\" aria-invalid=\"false\" placeholder=\"Ad\u0131n\u0131z\" value=\"\" type=\"text\" name=\"your-name\" \/><\/span>\n<\/p>\n<p><span class=\"wpcf7-form-control-wrap\" data-name=\"your-email\"><input size=\"40\" maxlength=\"400\" class=\"wpcf7-form-control wpcf7-email wpcf7-text wpcf7-validates-as-email\" aria-invalid=\"false\" placeholder=\"E-posta adresiniz\" value=\"\" type=\"email\" name=\"your-email\" \/><\/span>\n<\/p>\n<p><span class=\"wpcf7-form-control-wrap\" data-name=\"phonetext-813\"><input size=\"40\" class=\"wpcf7-form-control wpcf7-phonetext wpcf7-validates-as-required wpcf7-text wpcf7-validates-as-phonetext\" aria-required=\"true\" aria-invalid=\"false\" placeholder=\"Telefon\" value=\"\" type=\"text\" name=\"phonetext-813\" \/><input type=\"hidden\" name=\"phonetext-813-country-code\" class=\"wpcf7-phonetext-country-code\" \/><\/span>\n<\/p>\n<p><span class=\"wpcf7-form-control-wrap\" data-name=\"your-message\"><textarea cols=\"40\" rows=\"10\" maxlength=\"2000\" class=\"wpcf7-form-control wpcf7-textarea\" aria-invalid=\"false\" placeholder=\"Mesaj\u0131n\u0131z\" name=\"your-message\"><\/textarea><\/span>\n<\/p>\n<p><span id=\"wpcf7-69d798894b6cc-wrapper\" class=\"wpcf7-form-control-wrap Email-wrap\" style=\"display:none !important; visibility:hidden !important;\"><label for=\"wpcf7-69d798894b6cc-field\" class=\"hp-message\">Please leave this field empty.<\/label><input id=\"wpcf7-69d798894b6cc-field\"  class=\"wpcf7-form-control wpcf7-text\" type=\"text\" name=\"Email\" value=\"\" size=\"40\" tabindex=\"-1\" autocomplete=\"new-password\" \/><\/span>\n<\/p>\n<p><span class=\"wpcf7-form-control-wrap\" data-name=\"acceptance-354\"><span class=\"wpcf7-form-control wpcf7-acceptance\"><span class=\"wpcf7-list-item\"><label><input type=\"checkbox\" name=\"acceptance-354\" value=\"1\" aria-invalid=\"false\" \/><span class=\"wpcf7-list-item-label\">\u015eartlar ve Ko\u015fullar\u0131 ve Gizlilik Politikas\u0131n\u0131 okudum ve kabul ediyorum<\/a><\/span><\/label><\/span><\/span><\/span>\n<\/p>\n<p><input class=\"wpcf7-form-control wpcf7-submit has-spinner\" type=\"submit\" value=\"G\u00f6nder\" \/>\n<\/p><p style=\"display: none !important;\" class=\"akismet-fields-container\" data-prefix=\"_wpcf7_ak_\"><label>&#916;<textarea name=\"_wpcf7_ak_hp_textarea\" cols=\"45\" rows=\"8\" maxlength=\"100\"><\/textarea><\/label><input type=\"hidden\" id=\"ak_js_1\" name=\"_wpcf7_ak_js\" value=\"242\"\/><script>document.getElementById( \"ak_js_1\" ).setAttribute( \"value\", ( new Date() ).getTime() );<\/script><\/p><div class=\"wpcf7-response-output\" aria-hidden=\"true\"><\/div>\n<\/form>\n<\/div>\n[\/et_pb_code][\/et_pb_column][\/et_pb_row][\/et_pb_section]<\/p>\n","protected":false},"excerpt":{"rendered":"<p>Hakk\u0131m\u0131zda &#8220;Medical Help Turkey&#8221;, hastalar\u0131n k\u00fcreselle\u015fmi\u015f bir sa\u011fl\u0131k hizmetleri pazar\u0131nda y\u00fcksek kaliteli ve uygun fiyatl\u0131 tedaviye eri\u015fmelerine yard\u0131mc\u0131 olan bir medikal turizm acentesi kolayla\u015ft\u0131r\u0131c\u0131s\u0131d\u0131r. Geni\u015f sa\u011fl\u0131k a\u011f\u0131m\u0131z, uluslararas\u0131 hastalara m\u00fcmk\u00fcn olan en iyi bak\u0131m\u0131 sa\u011flamak i\u00e7in m\u00fckemmel bir \u00fcne sahip en iyi hastaneler ve t\u0131p uzmanlar\u0131ndan olu\u015fmaktad\u0131r. Fiyatlar Avrupa&#8217;dan ve di\u011fer bir\u00e7ok \u00fclkeden% 70 daha [&hellip;]<\/p>\n","protected":false},"author":1,"featured_media":0,"parent":0,"menu_order":0,"comment_status":"closed","ping_status":"closed","template":"","meta":{"_et_pb_use_builder":"on","_et_pb_old_content":"","_et_gb_content_width":"","footnotes":""},"class_list":["post-4069","page","type-page","status-publish","hentry"],"yoast_head":"<!-- This site is optimized with the Yoast SEO Premium plugin v16.5 (Yoast SEO v27.0) - https:\/\/yoast.com\/product\/yoast-seo-premium-wordpress\/ -->\n<title>about - Medical Help Turkey<\/title>\n<meta name=\"robots\" content=\"index, follow, max-snippet:-1, max-image-preview:large, max-video-preview:-1\" \/>\n<link rel=\"canonical\" href=\"https:\/\/www.medicalhelpturkey.com\/tr\/about\/\" \/>\n<meta property=\"og:locale\" content=\"tr_TR\" \/>\n<meta property=\"og:type\" content=\"article\" \/>\n<meta property=\"og:title\" content=\"about - Medical Help Turkey\" \/>\n<meta property=\"og:url\" content=\"https:\/\/www.medicalhelpturkey.com\/tr\/about\/\" \/>\n<meta property=\"og:site_name\" content=\"Medical Help Turkey\" \/>\n<meta property=\"article:publisher\" content=\"https:\/\/www.facebook.com\/medicalhelpturkey\" \/>\n<meta property=\"article:modified_time\" content=\"2020-01-29T12:02:16+00:00\" \/>\n<meta name=\"twitter:card\" content=\"summary_large_image\" \/>\n<meta name=\"twitter:site\" content=\"@medicalhelptr\" \/>\n<meta name=\"twitter:label1\" content=\"Tahmini okuma s\u00fcresi\" \/>\n\t<meta name=\"twitter:data1\" content=\"3 dakika\" \/>\n<script type=\"application\/ld+json\" class=\"yoast-schema-graph\">{\"@context\":\"https:\/\/schema.org\",\"@graph\":[{\"@type\":\"WebPage\",\"@id\":\"https:\/\/www.medicalhelpturkey.com\/tr\/about\/\",\"url\":\"https:\/\/www.medicalhelpturkey.com\/tr\/about\/\",\"name\":\"about - Medical Help Turkey\",\"isPartOf\":{\"@id\":\"https:\/\/www.medicalhelpturkey.com\/ar\/#website\"},\"datePublished\":\"2019-03-06T11:25:04+00:00\",\"dateModified\":\"2020-01-29T12:02:16+00:00\",\"breadcrumb\":{\"@id\":\"https:\/\/www.medicalhelpturkey.com\/tr\/about\/#breadcrumb\"},\"inLanguage\":\"tr\",\"potentialAction\":[{\"@type\":\"ReadAction\",\"target\":[\"https:\/\/www.medicalhelpturkey.com\/tr\/about\/\"]}]},{\"@type\":\"BreadcrumbList\",\"@id\":\"https:\/\/www.medicalhelpturkey.com\/tr\/about\/#breadcrumb\",\"itemListElement\":[{\"@type\":\"ListItem\",\"position\":1,\"name\":\"Home\",\"item\":\"https:\/\/www.medicalhelpturkey.com\/tr\/\"},{\"@type\":\"ListItem\",\"position\":2,\"name\":\"about\"}]},{\"@type\":\"WebSite\",\"@id\":\"https:\/\/www.medicalhelpturkey.com\/ar\/#website\",\"url\":\"https:\/\/www.medicalhelpturkey.com\/ar\/\",\"name\":\"Medical Help Turkey\",\"description\":\"We Help Patients Access Better Healthcare\",\"publisher\":{\"@id\":\"https:\/\/www.medicalhelpturkey.com\/ar\/#organization\"},\"potentialAction\":[{\"@type\":\"SearchAction\",\"target\":{\"@type\":\"EntryPoint\",\"urlTemplate\":\"https:\/\/www.medicalhelpturkey.com\/ar\/?s={search_term_string}\"},\"query-input\":{\"@type\":\"PropertyValueSpecification\",\"valueRequired\":true,\"valueName\":\"search_term_string\"}}],\"inLanguage\":\"tr\"},{\"@type\":\"Organization\",\"@id\":\"https:\/\/www.medicalhelpturkey.com\/ar\/#organization\",\"name\":\"Medical Help Turkey\",\"url\":\"https:\/\/www.medicalhelpturkey.com\/ar\/\",\"logo\":{\"@type\":\"ImageObject\",\"inLanguage\":\"tr\",\"@id\":\"https:\/\/www.medicalhelpturkey.com\/ar\/#\/schema\/logo\/image\/\",\"url\":\"https:\/\/www.medicalhelpturkey.com\/wp-content\/uploads\/2019\/01\/mht_logo_2_v2.png\",\"contentUrl\":\"https:\/\/www.medicalhelpturkey.com\/wp-content\/uploads\/2019\/01\/mht_logo_2_v2.png\",\"width\":270,\"height\":80,\"caption\":\"Medical Help Turkey\"},\"image\":{\"@id\":\"https:\/\/www.medicalhelpturkey.com\/ar\/#\/schema\/logo\/image\/\"},\"sameAs\":[\"https:\/\/www.facebook.com\/medicalhelpturkey\",\"https:\/\/x.com\/medicalhelptr\",\"https:\/\/www.instagram.com\/medicalhelpturkey\",\"https:\/\/linkedin.com\/company\/medical-help-turkey\"]}]}<\/script>\n<!-- \/ Yoast SEO Premium plugin. -->","yoast_head_json":{"title":"about - Medical Help Turkey","robots":{"index":"index","follow":"follow","max-snippet":"max-snippet:-1","max-image-preview":"max-image-preview:large","max-video-preview":"max-video-preview:-1"},"canonical":"https:\/\/www.medicalhelpturkey.com\/tr\/about\/","og_locale":"tr_TR","og_type":"article","og_title":"about - Medical Help Turkey","og_url":"https:\/\/www.medicalhelpturkey.com\/tr\/about\/","og_site_name":"Medical Help Turkey","article_publisher":"https:\/\/www.facebook.com\/medicalhelpturkey","article_modified_time":"2020-01-29T12:02:16+00:00","twitter_card":"summary_large_image","twitter_site":"@medicalhelptr","twitter_misc":{"Tahmini okuma s\u00fcresi":"3 dakika"},"schema":{"@context":"https:\/\/schema.org","@graph":[{"@type":"WebPage","@id":"https:\/\/www.medicalhelpturkey.com\/tr\/about\/","url":"https:\/\/www.medicalhelpturkey.com\/tr\/about\/","name":"about - Medical Help Turkey","isPartOf":{"@id":"https:\/\/www.medicalhelpturkey.com\/ar\/#website"},"datePublished":"2019-03-06T11:25:04+00:00","dateModified":"2020-01-29T12:02:16+00:00","breadcrumb":{"@id":"https:\/\/www.medicalhelpturkey.com\/tr\/about\/#breadcrumb"},"inLanguage":"tr","potentialAction":[{"@type":"ReadAction","target":["https:\/\/www.medicalhelpturkey.com\/tr\/about\/"]}]},{"@type":"BreadcrumbList","@id":"https:\/\/www.medicalhelpturkey.com\/tr\/about\/#breadcrumb","itemListElement":[{"@type":"ListItem","position":1,"name":"Home","item":"https:\/\/www.medicalhelpturkey.com\/tr\/"},{"@type":"ListItem","position":2,"name":"about"}]},{"@type":"WebSite","@id":"https:\/\/www.medicalhelpturkey.com\/ar\/#website","url":"https:\/\/www.medicalhelpturkey.com\/ar\/","name":"Medical Help Turkey","description":"We Help Patients Access Better Healthcare","publisher":{"@id":"https:\/\/www.medicalhelpturkey.com\/ar\/#organization"},"potentialAction":[{"@type":"SearchAction","target":{"@type":"EntryPoint","urlTemplate":"https:\/\/www.medicalhelpturkey.com\/ar\/?s={search_term_string}"},"query-input":{"@type":"PropertyValueSpecification","valueRequired":true,"valueName":"search_term_string"}}],"inLanguage":"tr"},{"@type":"Organization","@id":"https:\/\/www.medicalhelpturkey.com\/ar\/#organization","name":"Medical Help Turkey","url":"https:\/\/www.medicalhelpturkey.com\/ar\/","logo":{"@type":"ImageObject","inLanguage":"tr","@id":"https:\/\/www.medicalhelpturkey.com\/ar\/#\/schema\/logo\/image\/","url":"https:\/\/www.medicalhelpturkey.com\/wp-content\/uploads\/2019\/01\/mht_logo_2_v2.png","contentUrl":"https:\/\/www.medicalhelpturkey.com\/wp-content\/uploads\/2019\/01\/mht_logo_2_v2.png","width":270,"height":80,"caption":"Medical Help Turkey"},"image":{"@id":"https:\/\/www.medicalhelpturkey.com\/ar\/#\/schema\/logo\/image\/"},"sameAs":["https:\/\/www.facebook.com\/medicalhelpturkey","https:\/\/x.com\/medicalhelptr","https:\/\/www.instagram.com\/medicalhelpturkey","https:\/\/linkedin.com\/company\/medical-help-turkey"]}]}},"_links":{"self":[{"href":"https:\/\/www.medicalhelpturkey.com\/tr\/wp-json\/wp\/v2\/pages\/4069","targetHints":{"allow":["GET"]}}],"collection":[{"href":"https:\/\/www.medicalhelpturkey.com\/tr\/wp-json\/wp\/v2\/pages"}],"about":[{"href":"https:\/\/www.medicalhelpturkey.com\/tr\/wp-json\/wp\/v2\/types\/page"}],"author":[{"embeddable":true,"href":"https:\/\/www.medicalhelpturkey.com\/tr\/wp-json\/wp\/v2\/users\/1"}],"replies":[{"embeddable":true,"href":"https:\/\/www.medicalhelpturkey.com\/tr\/wp-json\/wp\/v2\/comments?post=4069"}],"version-history":[{"count":2,"href":"https:\/\/www.medicalhelpturkey.com\/tr\/wp-json\/wp\/v2\/pages\/4069\/revisions"}],"predecessor-version":[{"id":4075,"href":"https:\/\/www.medicalhelpturkey.com\/tr\/wp-json\/wp\/v2\/pages\/4069\/revisions\/4075"}],"wp:attachment":[{"href":"https:\/\/www.medicalhelpturkey.com\/tr\/wp-json\/wp\/v2\/media?parent=4069"}],"curies":[{"name":"wp","href":"https:\/\/api.w.org\/{rel}","templated":true}]}}