{"id":4104,"date":"2019-02-18T13:24:06","date_gmt":"2019-02-18T13:24:06","guid":{"rendered":"https:\/\/www.medicalhelpturkey.com\/orthopedics-and-traumatology\/"},"modified":"2020-02-03T12:46:42","modified_gmt":"2020-02-03T09:46:42","slug":"orthopedics-and-traumatology","status":"publish","type":"page","link":"https:\/\/www.medicalhelpturkey.com\/tr\/orthopedics-and-traumatology\/","title":{"rendered":"Ortopedi ve Travmatoloji"},"content":{"rendered":"<p>[et_pb_section fb_built=&#8221;1&#8243; admin_label=&#8221;Page Title Section&#8221; _builder_version=&#8221;3.19.9&#8243; background_color_gradient_direction=&#8221;120deg&#8221; background_image=&#8221;https:\/\/www.medicalhelpturkey.com\/wp-content\/uploads\/2019\/03\/orthopedic_doctor.jpg&#8221; parallax=&#8221;on&#8221; parallax_method=&#8221;off&#8221; box_shadow_style=&#8221;preset7&#8243; box_shadow_horizontal=&#8221;0px&#8221; box_shadow_vertical=&#8221;-220px&#8221; box_shadow_color=&#8221;#ffffff&#8221; custom_padding=&#8221;13px||9px||false|false&#8221;][et_pb_row custom_padding=&#8221;0|0px|0|0px|false|false&#8221; admin_label=&#8221;Page Title Area&#8221; _builder_version=&#8221;3.0.47&#8243; background_size=&#8221;initial&#8221; background_position=&#8221;top_left&#8221; background_repeat=&#8221;repeat&#8221;][et_pb_column type=&#8221;4_4&#8243; _builder_version=&#8221;3.0.47&#8243; parallax=&#8221;off&#8221; parallax_method=&#8221;on&#8221;][et_pb_text admin_label=&#8221;Title&#8221; _builder_version=&#8221;3.19.9&#8243; text_font=&#8221;Poppins||||||||&#8221; text_text_color=&#8221;#000000&#8243; text_font_size=&#8221;18px&#8221; text_line_height=&#8221;1.8em&#8221; header_font=&#8221;Poppins|600|||||||&#8221; header_text_color=&#8221;#000000&#8243; header_font_size=&#8221;48px&#8221; header_font_size_phone=&#8221;38px&#8221; header_font_size_last_edited=&#8221;on|phone&#8221; header_line_height=&#8221;1.4em&#8221; header_2_font=&#8221;||||||||&#8221; text_orientation=&#8221;center&#8221; background_layout=&#8221;dark&#8221; max_width=&#8221;700px&#8221; module_alignment=&#8221;center&#8221; custom_margin=&#8221;|||&#8221; animation_style=&#8221;fade&#8221;]<\/p>\n<div class=\"col-lg-9 col-md-8 col-sm-7 \">\n<div class=\"col-lg-9 col-md-8 col-sm-7 \">\n<h1 class=\"entry-title\">Ortopedi ve Travmatoloji<\/h1>\n<nav class=\"bread-crumb\"><\/nav>\n<\/div>\n<\/div>\n<p>[\/et_pb_text][\/et_pb_column][\/et_pb_row][\/et_pb_section][et_pb_section fb_built=&#8221;1&#8243; specialty=&#8221;on&#8221; _builder_version=&#8221;3.19.9&#8243; use_background_color_gradient=&#8221;on&#8221; background_color_gradient_start=&#8221;#ffffff&#8221; background_color_gradient_end=&#8221;rgba(0,99,108,0.5)&#8221;][et_pb_column type=&#8221;3_4&#8243; specialty_columns=&#8221;3&#8243; _builder_version=&#8221;3.0.47&#8243; parallax__hover=&#8221;off&#8221; parallax_method__hover=&#8221;on&#8221; parallax=&#8221;off&#8221; parallax_method=&#8221;on&#8221;][et_pb_row_inner _builder_version=&#8221;3.19.9&#8243;][et_pb_column_inner type=&#8221;4_4&#8243; saved_specialty_column_type=&#8221;3_4&#8243; _builder_version=&#8221;3.0.47&#8243; parallax__hover=&#8221;off&#8221; parallax_method__hover=&#8221;on&#8221; parallax=&#8221;off&#8221; parallax_method=&#8221;on&#8221;][et_pb_text admin_label=&#8221;Title&#8221; _builder_version=&#8221;3.19.9&#8243; text_font=&#8221;Poppins||||||||&#8221; text_font_size=&#8221;16px&#8221; text_line_height=&#8221;1.8em&#8221; ul_font=&#8221;||||||||&#8221; ol_font=&#8221;||||||||&#8221; header_font=&#8221;||||||||&#8221; header_2_font=&#8221;Poppins|600|||||||&#8221; header_2_font_size=&#8221;36px&#8221; header_2_line_height=&#8221;1.4em&#8221; max_width=&#8221;800px&#8221; animation_style=&#8221;fold&#8221; animation_direction=&#8221;bottom&#8221; animation_intensity_fold=&#8221;10%&#8221; animation_starting_opacity=&#8221;100%&#8221;]<\/p>\n<p style=\"text-align: justify;\">Y\u00fcksek kaliteli ortopedik cerrahi ile kemik ve eklemlerin \u00e7e\u015fitli bozukluklar\u0131 ve hastal\u0131klar\u0131 tedavi edilebilir veya potansiyel olarak iyile\u015febilir. Ortopedik ve travmatoloji a\u00e7\u0131s\u0131ndan; sadece en etkili tedaviyi ve en son prosed\u00fcrleri sa\u011flayan ara\u015ft\u0131rma, geli\u015ftirme ve inovasyona ba\u011fl\u0131l\u0131\u011f\u0131 olan hastanelerle \u00e7al\u0131\u015f\u0131yoruz.<\/p>\n<p>Ortopedi, kas-iskelet sistemindeki deformite, yaralanma ve hastal\u0131klar\u0131n te\u015fhisi, bak\u0131m\u0131, \u00f6nlenmesi ve tedavisi ile ilgilenen t\u0131bbi bir uzmanl\u0131k alan\u0131d\u0131r. Bu sistem, bir ki\u015fi hareket ettik\u00e7e birlikte \u00e7al\u0131\u015fan kemikleri, ba\u011flar\u0131, sinirleri, kaslar\u0131, tendonlar\u0131 ve eklemleri i\u00e7erir.<\/p>\n<p>Bu t\u0131p uzmanl\u0131\u011f\u0131nda daha fazla e\u011fitim alan hekimlere ortopedist veya ortopedik cerrahlar denir. Daha sonra, a\u015fa\u011f\u0131daki ortopedik alt uzmanl\u0131k \u00f6rneklerinden herhangi birinde daha fazla e\u011fitim alabilirler:<\/p>\n<p>Artrit<br \/>Pediatrik ortopedi<br \/>Eklem a\u011fr\u0131s\u0131<br \/>Spor ilac\u0131<br \/>Ortopedik travma<br \/>Diz ve kal\u00e7a protezi<br \/>Di\u011fer alt uzmanl\u0131k alanlar\u0131<\/p>\n<p><strong>Diz De\u011fi\u015ftirme Ameliyat\u0131<\/strong><\/p>\n<p>Genel olarak ortopedistler \u00f6nce ortopedik vakalara cerrahi olmayan \u00e7\u00f6z\u00fcmleri ara\u015ft\u0131r\u0131r. T\u00fcrkiye&#8217;deki hastaneler, i\u015flevini eski haline getirmek ve hastalar\u0131n tekrar aktif olmas\u0131n\u0131 sa\u011flamak i\u00e7in \u00e7ok \u00e7e\u015fitli cerrahi olmayan ve cerrahi prosed\u00fcrler sunmaktad\u0131r.<\/p>\n<p>Bununla birlikte, diz a\u011fr\u0131s\u0131 nedeniyle hareket problemleri ya\u015fayanlar i\u00e7in diz protezi ameliyat\u0131 veya diz artroplastisi en etkili t\u0131bbi prosed\u00fcr olabilir.<\/p>\n<p>Ameliyat tipik olarak hasarl\u0131 veya hastal\u0131kl\u0131 diz eklem y\u00fczeylerini plastik ve metal bile\u015fenlerle de\u011fi\u015ftirir, b\u00f6ylece diz a\u011fr\u0131s\u0131z hareket edebilir.<\/p>\n<p>T\u00fcrkiye&#8217;de diz protezi almaya karar veren hastalar, ister k\u0131smi ister toplam olsun, Amerika Birle\u015fik Devletleri, Birle\u015fik Krall\u0131k ve di\u011fer Avrupa \u00fclkelerinde ameliyat\u0131 yapmay\u0131 se\u00e7tiklerinden daha fazla ameliyat maliyetlerinden \u00f6nemli \u00f6l\u00e7\u00fcde tasarruf edebilirler.<\/p>\n<p>T\u00fcrkiye&#8217;deki hastaneler ameliyat sonras\u0131 rehabilitasyon olanaklar\u0131n\u0131n yan\u0131 s\u0131ra, hastan\u0131n ihtiya\u00e7 duyabilece\u011fi bastonlar veya koltuk de\u011fne\u011fi gibi hareket yard\u0131mlar\u0131na da sahiptir.<\/p>\n<p><strong>Neden insanlar T\u00fcrkiye&#8217;de ortopedik cerrahi yapt\u0131rmak istiyor?<\/strong><\/p>\n<p>T\u00fcrkiye, a\u015fa\u011f\u0131daki \u00f6nemli nedenlerden dolay\u0131 ortopedik cerrahi isteyen deniza\u015f\u0131r\u0131 hastalar i\u00e7in favori bir yer olmaya devam ediyor:<\/p>\n<p>1- T\u00fcrkiye&#8217;de iyi ortopedik cerrahlar ve hastaneler var<br \/>-Birle\u015fik Krall\u0131k, Amerika Birle\u015fik Devletleri ve di\u011fer \u00fclkelerdeki ileri hastanelerde e\u011fitim alm\u0131\u015f \u00e7ok say\u0131da yetkili, deneyimli, birinci s\u0131n\u0131f ortopedi cerrah\u0131 bulacaks\u0131n\u0131z.<br \/>-En geli\u015fmi\u015f hastaneler, tamamen veya k\u0131smi bir diz protezi yapmak i\u00e7in iyi donan\u0131ml\u0131d\u0131r. Baz\u0131 hastaneler ABD&#8217;deki prestijli hastanelere ba\u011fl\u0131d\u0131r.<br \/>-Doktorlar ve hastane personeli iyi derecede \u0130ngilizce bilmektedir. \u00c7o\u011fu hastanenin \u00e7ok dilli hasta koordinat\u00f6r\u00fc vard\u0131r.<br \/>2- T\u00fcrkiye&#8217;de ba\u015fta Avrupa ve ABD olmak \u00fczere bir\u00e7ok \u00fclkeye k\u0131yasla ekonomiktir.<br \/>&#8211; T\u00fcrkiye&#8217;de ortopedik cerrahinin maliyeti ABD ve di\u011fer Avrupa \u00fclkelerindeki maliyetin sadece bir b\u00f6l\u00fcm\u00fcd\u00fcr.<br \/>&#8211; T\u00fcrkiye&#8217;de daha d\u00fc\u015f\u00fck ya\u015fam maliyeti, \u00f6zellikle hasta hastaneden taburcu edildikten sonra rehabilitasyon gerektiren ortopedik ameliyatlar i\u00e7in \u00f6nemli bir husustur.<br \/>Bilgilendirilmi\u015f bir karar vermeniz gereken daha fazla bilgi i\u00e7in bizimle ileti\u015fime ge\u00e7in.<\/p>\n<p>[\/et_pb_text][\/et_pb_column_inner][\/et_pb_row_inner][\/et_pb_column][et_pb_column type=&#8221;1_4&#8243; _builder_version=&#8221;3.0.47&#8243; parallax__hover=&#8221;off&#8221; parallax_method__hover=&#8221;on&#8221; parallax=&#8221;off&#8221; parallax_method=&#8221;on&#8221;][et_pb_code _builder_version=&#8221;3.19.9&#8243; animation_style=&#8221;roll&#8221;]\n<div class=\"wpcf7 no-js\" id=\"wpcf7-f4053-o1\" lang=\"en-US\" dir=\"ltr\" data-wpcf7-id=\"4053\">\n<div class=\"screen-reader-response\"><p role=\"status\" aria-live=\"polite\" aria-atomic=\"true\"><\/p> <ul><\/ul><\/div>\n<form action=\"\/tr\/wp-json\/wp\/v2\/pages\/4104#wpcf7-f4053-o1\" method=\"post\" class=\"wpcf7-form init wpcf7-acceptance-as-validation\" aria-label=\"Contact form\" novalidate=\"novalidate\" data-status=\"init\">\n<fieldset class=\"hidden-fields-container\"><input type=\"hidden\" name=\"_wpcf7\" value=\"4053\" \/><input type=\"hidden\" name=\"_wpcf7_version\" value=\"6.1.5\" \/><input type=\"hidden\" name=\"_wpcf7_locale\" value=\"en_US\" \/><input type=\"hidden\" name=\"_wpcf7_unit_tag\" value=\"wpcf7-f4053-o1\" \/><input type=\"hidden\" name=\"_wpcf7_container_post\" value=\"0\" \/><input type=\"hidden\" name=\"_wpcf7_posted_data_hash\" value=\"\" \/>\n<\/fieldset>\n<p><span class=\"wpcf7-form-control-wrap\" data-name=\"your-name\"><input size=\"40\" maxlength=\"400\" class=\"wpcf7-form-control wpcf7-text\" aria-invalid=\"false\" placeholder=\"Ad\u0131n\u0131z\" value=\"\" type=\"text\" name=\"your-name\" \/><\/span>\n<\/p>\n<p><span class=\"wpcf7-form-control-wrap\" data-name=\"your-email\"><input size=\"40\" maxlength=\"400\" class=\"wpcf7-form-control wpcf7-email wpcf7-text wpcf7-validates-as-email\" aria-invalid=\"false\" placeholder=\"E-posta adresiniz\" value=\"\" type=\"email\" name=\"your-email\" \/><\/span>\n<\/p>\n<p><span class=\"wpcf7-form-control-wrap\" data-name=\"phonetext-813\"><input size=\"40\" class=\"wpcf7-form-control wpcf7-phonetext wpcf7-validates-as-required wpcf7-text wpcf7-validates-as-phonetext\" aria-required=\"true\" aria-invalid=\"false\" placeholder=\"Telefon\" value=\"\" type=\"text\" name=\"phonetext-813\" \/><input type=\"hidden\" name=\"phonetext-813-country-code\" class=\"wpcf7-phonetext-country-code\" \/><\/span>\n<\/p>\n<p><span class=\"wpcf7-form-control-wrap\" data-name=\"your-message\"><textarea cols=\"40\" rows=\"10\" maxlength=\"2000\" class=\"wpcf7-form-control wpcf7-textarea\" aria-invalid=\"false\" placeholder=\"Mesaj\u0131n\u0131z\" name=\"your-message\"><\/textarea><\/span>\n<\/p>\n<p><span id=\"wpcf7-69f3aa4607455-wrapper\" class=\"wpcf7-form-control-wrap Email-wrap\" style=\"display:none !important; visibility:hidden !important;\"><label for=\"wpcf7-69f3aa4607455-field\" class=\"hp-message\">Please leave this field empty.<\/label><input id=\"wpcf7-69f3aa4607455-field\"  class=\"wpcf7-form-control wpcf7-text\" type=\"text\" name=\"Email\" value=\"\" size=\"40\" tabindex=\"-1\" autocomplete=\"new-password\" \/><\/span>\n<\/p>\n<p><span class=\"wpcf7-form-control-wrap\" data-name=\"acceptance-354\"><span class=\"wpcf7-form-control wpcf7-acceptance\"><span class=\"wpcf7-list-item\"><label><input type=\"checkbox\" name=\"acceptance-354\" value=\"1\" aria-invalid=\"false\" \/><span class=\"wpcf7-list-item-label\">\u015eartlar ve Ko\u015fullar\u0131 ve Gizlilik Politikas\u0131n\u0131 okudum ve kabul ediyorum<\/a><\/span><\/label><\/span><\/span><\/span>\n<\/p>\n<p><input class=\"wpcf7-form-control wpcf7-submit has-spinner\" type=\"submit\" value=\"G\u00f6nder\" \/>\n<\/p><p style=\"display: none !important;\" class=\"akismet-fields-container\" data-prefix=\"_wpcf7_ak_\"><label>&#916;<textarea name=\"_wpcf7_ak_hp_textarea\" cols=\"45\" rows=\"8\" maxlength=\"100\"><\/textarea><\/label><input type=\"hidden\" id=\"ak_js_1\" name=\"_wpcf7_ak_js\" value=\"130\"\/><script>document.getElementById( \"ak_js_1\" ).setAttribute( \"value\", ( new Date() ).getTime() );<\/script><\/p><div class=\"wpcf7-response-output\" aria-hidden=\"true\"><\/div>\n<\/form>\n<\/div>\n[\/et_pb_code][\/et_pb_column][\/et_pb_section]<\/p>\n","protected":false},"excerpt":{"rendered":"<p>Ortopedi ve Travmatoloji Y\u00fcksek kaliteli ortopedik cerrahi ile kemik ve eklemlerin \u00e7e\u015fitli bozukluklar\u0131 ve hastal\u0131klar\u0131 tedavi edilebilir veya potansiyel olarak iyile\u015febilir. Ortopedik ve travmatoloji a\u00e7\u0131s\u0131ndan; sadece en etkili tedaviyi ve en son prosed\u00fcrleri sa\u011flayan ara\u015ft\u0131rma, geli\u015ftirme ve inovasyona ba\u011fl\u0131l\u0131\u011f\u0131 olan hastanelerle \u00e7al\u0131\u015f\u0131yoruz. Ortopedi, kas-iskelet sistemindeki deformite, yaralanma ve hastal\u0131klar\u0131n te\u015fhisi, bak\u0131m\u0131, \u00f6nlenmesi ve tedavisi ile [&hellip;]<\/p>\n","protected":false},"author":1,"featured_media":0,"parent":0,"menu_order":0,"comment_status":"closed","ping_status":"closed","template":"","meta":{"_et_pb_use_builder":"on","_et_pb_old_content":"","_et_gb_content_width":"","footnotes":""},"class_list":["post-4104","page","type-page","status-publish","hentry"],"yoast_head":"<!-- This site is optimized with the Yoast SEO Premium plugin v16.5 (Yoast SEO v27.0) - https:\/\/yoast.com\/product\/yoast-seo-premium-wordpress\/ -->\n<title>Ortopedi ve Travmatoloji - Medical Help Turkey<\/title>\n<meta name=\"robots\" content=\"index, follow, max-snippet:-1, max-image-preview:large, max-video-preview:-1\" \/>\n<link rel=\"canonical\" href=\"https:\/\/www.medicalhelpturkey.com\/tr\/orthopedics-and-traumatology\/\" \/>\n<meta property=\"og:locale\" content=\"tr_TR\" \/>\n<meta property=\"og:type\" content=\"article\" \/>\n<meta property=\"og:title\" content=\"Ortopedi ve Travmatoloji - Medical Help Turkey\" \/>\n<meta property=\"og:url\" content=\"https:\/\/www.medicalhelpturkey.com\/tr\/orthopedics-and-traumatology\/\" \/>\n<meta property=\"og:site_name\" content=\"Medical Help Turkey\" \/>\n<meta property=\"article:publisher\" content=\"https:\/\/www.facebook.com\/medicalhelpturkey\" \/>\n<meta property=\"article:modified_time\" content=\"2020-02-03T09:46:42+00:00\" \/>\n<meta name=\"twitter:card\" content=\"summary_large_image\" \/>\n<meta name=\"twitter:site\" content=\"@medicalhelptr\" \/>\n<meta name=\"twitter:label1\" content=\"Tahmini okuma s\u00fcresi\" \/>\n\t<meta name=\"twitter:data1\" content=\"4 dakika\" \/>\n<script type=\"application\/ld+json\" class=\"yoast-schema-graph\">{\"@context\":\"https:\/\/schema.org\",\"@graph\":[{\"@type\":\"WebPage\",\"@id\":\"https:\/\/www.medicalhelpturkey.com\/tr\/orthopedics-and-traumatology\/\",\"url\":\"https:\/\/www.medicalhelpturkey.com\/tr\/orthopedics-and-traumatology\/\",\"name\":\"Ortopedi ve Travmatoloji - Medical Help Turkey\",\"isPartOf\":{\"@id\":\"https:\/\/www.medicalhelpturkey.com\/ar\/#website\"},\"datePublished\":\"2019-02-18T13:24:06+00:00\",\"dateModified\":\"2020-02-03T09:46:42+00:00\",\"breadcrumb\":{\"@id\":\"https:\/\/www.medicalhelpturkey.com\/tr\/orthopedics-and-traumatology\/#breadcrumb\"},\"inLanguage\":\"tr\",\"potentialAction\":[{\"@type\":\"ReadAction\",\"target\":[\"https:\/\/www.medicalhelpturkey.com\/tr\/orthopedics-and-traumatology\/\"]}]},{\"@type\":\"BreadcrumbList\",\"@id\":\"https:\/\/www.medicalhelpturkey.com\/tr\/orthopedics-and-traumatology\/#breadcrumb\",\"itemListElement\":[{\"@type\":\"ListItem\",\"position\":1,\"name\":\"Home\",\"item\":\"https:\/\/www.medicalhelpturkey.com\/tr\/\"},{\"@type\":\"ListItem\",\"position\":2,\"name\":\"Ortopedi ve Travmatoloji\"}]},{\"@type\":\"WebSite\",\"@id\":\"https:\/\/www.medicalhelpturkey.com\/ar\/#website\",\"url\":\"https:\/\/www.medicalhelpturkey.com\/ar\/\",\"name\":\"Medical Help Turkey\",\"description\":\"We Help Patients Access Better Healthcare\",\"publisher\":{\"@id\":\"https:\/\/www.medicalhelpturkey.com\/ar\/#organization\"},\"potentialAction\":[{\"@type\":\"SearchAction\",\"target\":{\"@type\":\"EntryPoint\",\"urlTemplate\":\"https:\/\/www.medicalhelpturkey.com\/ar\/?s={search_term_string}\"},\"query-input\":{\"@type\":\"PropertyValueSpecification\",\"valueRequired\":true,\"valueName\":\"search_term_string\"}}],\"inLanguage\":\"tr\"},{\"@type\":\"Organization\",\"@id\":\"https:\/\/www.medicalhelpturkey.com\/ar\/#organization\",\"name\":\"Medical Help Turkey\",\"url\":\"https:\/\/www.medicalhelpturkey.com\/ar\/\",\"logo\":{\"@type\":\"ImageObject\",\"inLanguage\":\"tr\",\"@id\":\"https:\/\/www.medicalhelpturkey.com\/ar\/#\/schema\/logo\/image\/\",\"url\":\"https:\/\/www.medicalhelpturkey.com\/wp-content\/uploads\/2019\/01\/mht_logo_2_v2.png\",\"contentUrl\":\"https:\/\/www.medicalhelpturkey.com\/wp-content\/uploads\/2019\/01\/mht_logo_2_v2.png\",\"width\":270,\"height\":80,\"caption\":\"Medical Help Turkey\"},\"image\":{\"@id\":\"https:\/\/www.medicalhelpturkey.com\/ar\/#\/schema\/logo\/image\/\"},\"sameAs\":[\"https:\/\/www.facebook.com\/medicalhelpturkey\",\"https:\/\/x.com\/medicalhelptr\",\"https:\/\/www.instagram.com\/medicalhelpturkey\",\"https:\/\/linkedin.com\/company\/medical-help-turkey\"]}]}<\/script>\n<!-- \/ Yoast SEO Premium plugin. -->","yoast_head_json":{"title":"Ortopedi ve Travmatoloji - Medical Help Turkey","robots":{"index":"index","follow":"follow","max-snippet":"max-snippet:-1","max-image-preview":"max-image-preview:large","max-video-preview":"max-video-preview:-1"},"canonical":"https:\/\/www.medicalhelpturkey.com\/tr\/orthopedics-and-traumatology\/","og_locale":"tr_TR","og_type":"article","og_title":"Ortopedi ve Travmatoloji - Medical Help Turkey","og_url":"https:\/\/www.medicalhelpturkey.com\/tr\/orthopedics-and-traumatology\/","og_site_name":"Medical Help Turkey","article_publisher":"https:\/\/www.facebook.com\/medicalhelpturkey","article_modified_time":"2020-02-03T09:46:42+00:00","twitter_card":"summary_large_image","twitter_site":"@medicalhelptr","twitter_misc":{"Tahmini okuma s\u00fcresi":"4 dakika"},"schema":{"@context":"https:\/\/schema.org","@graph":[{"@type":"WebPage","@id":"https:\/\/www.medicalhelpturkey.com\/tr\/orthopedics-and-traumatology\/","url":"https:\/\/www.medicalhelpturkey.com\/tr\/orthopedics-and-traumatology\/","name":"Ortopedi ve Travmatoloji - Medical Help Turkey","isPartOf":{"@id":"https:\/\/www.medicalhelpturkey.com\/ar\/#website"},"datePublished":"2019-02-18T13:24:06+00:00","dateModified":"2020-02-03T09:46:42+00:00","breadcrumb":{"@id":"https:\/\/www.medicalhelpturkey.com\/tr\/orthopedics-and-traumatology\/#breadcrumb"},"inLanguage":"tr","potentialAction":[{"@type":"ReadAction","target":["https:\/\/www.medicalhelpturkey.com\/tr\/orthopedics-and-traumatology\/"]}]},{"@type":"BreadcrumbList","@id":"https:\/\/www.medicalhelpturkey.com\/tr\/orthopedics-and-traumatology\/#breadcrumb","itemListElement":[{"@type":"ListItem","position":1,"name":"Home","item":"https:\/\/www.medicalhelpturkey.com\/tr\/"},{"@type":"ListItem","position":2,"name":"Ortopedi ve Travmatoloji"}]},{"@type":"WebSite","@id":"https:\/\/www.medicalhelpturkey.com\/ar\/#website","url":"https:\/\/www.medicalhelpturkey.com\/ar\/","name":"Medical Help Turkey","description":"We Help Patients Access Better Healthcare","publisher":{"@id":"https:\/\/www.medicalhelpturkey.com\/ar\/#organization"},"potentialAction":[{"@type":"SearchAction","target":{"@type":"EntryPoint","urlTemplate":"https:\/\/www.medicalhelpturkey.com\/ar\/?s={search_term_string}"},"query-input":{"@type":"PropertyValueSpecification","valueRequired":true,"valueName":"search_term_string"}}],"inLanguage":"tr"},{"@type":"Organization","@id":"https:\/\/www.medicalhelpturkey.com\/ar\/#organization","name":"Medical Help Turkey","url":"https:\/\/www.medicalhelpturkey.com\/ar\/","logo":{"@type":"ImageObject","inLanguage":"tr","@id":"https:\/\/www.medicalhelpturkey.com\/ar\/#\/schema\/logo\/image\/","url":"https:\/\/www.medicalhelpturkey.com\/wp-content\/uploads\/2019\/01\/mht_logo_2_v2.png","contentUrl":"https:\/\/www.medicalhelpturkey.com\/wp-content\/uploads\/2019\/01\/mht_logo_2_v2.png","width":270,"height":80,"caption":"Medical Help Turkey"},"image":{"@id":"https:\/\/www.medicalhelpturkey.com\/ar\/#\/schema\/logo\/image\/"},"sameAs":["https:\/\/www.facebook.com\/medicalhelpturkey","https:\/\/x.com\/medicalhelptr","https:\/\/www.instagram.com\/medicalhelpturkey","https:\/\/linkedin.com\/company\/medical-help-turkey"]}]}},"_links":{"self":[{"href":"https:\/\/www.medicalhelpturkey.com\/tr\/wp-json\/wp\/v2\/pages\/4104","targetHints":{"allow":["GET"]}}],"collection":[{"href":"https:\/\/www.medicalhelpturkey.com\/tr\/wp-json\/wp\/v2\/pages"}],"about":[{"href":"https:\/\/www.medicalhelpturkey.com\/tr\/wp-json\/wp\/v2\/types\/page"}],"author":[{"embeddable":true,"href":"https:\/\/www.medicalhelpturkey.com\/tr\/wp-json\/wp\/v2\/users\/1"}],"replies":[{"embeddable":true,"href":"https:\/\/www.medicalhelpturkey.com\/tr\/wp-json\/wp\/v2\/comments?post=4104"}],"version-history":[{"count":5,"href":"https:\/\/www.medicalhelpturkey.com\/tr\/wp-json\/wp\/v2\/pages\/4104\/revisions"}],"predecessor-version":[{"id":4124,"href":"https:\/\/www.medicalhelpturkey.com\/tr\/wp-json\/wp\/v2\/pages\/4104\/revisions\/4124"}],"wp:attachment":[{"href":"https:\/\/www.medicalhelpturkey.com\/tr\/wp-json\/wp\/v2\/media?parent=4104"}],"curies":[{"name":"wp","href":"https:\/\/api.w.org\/{rel}","templated":true}]}}