{"id":4132,"date":"2019-02-19T07:40:53","date_gmt":"2019-02-19T07:40:53","guid":{"rendered":"https:\/\/www.medicalhelpturkey.com\/hematology\/"},"modified":"2020-02-03T15:48:12","modified_gmt":"2020-02-03T12:48:12","slug":"hematology","status":"publish","type":"page","link":"https:\/\/www.medicalhelpturkey.com\/tr\/hematology\/","title":{"rendered":"Hematology"},"content":{"rendered":"<p>[et_pb_section fb_built=&#8221;1&#8243; admin_label=&#8221;Page Title Section&#8221; _builder_version=&#8221;3.19.9&#8243; use_background_color_gradient=&#8221;on&#8221; background_color_gradient_start=&#8221;#6b73ff&#8221; background_color_gradient_end=&#8221;#000dff&#8221; background_color_gradient_direction=&#8221;120deg&#8221; background_image=&#8221;https:\/\/www.medicalhelpturkey.com\/wp-content\/uploads\/2019\/03\/hematology2-1.jpg&#8221; parallax=&#8221;on&#8221; parallax_method=&#8221;off&#8221; box_shadow_style=&#8221;preset7&#8243; box_shadow_horizontal=&#8221;0px&#8221; box_shadow_vertical=&#8221;-220px&#8221; box_shadow_color=&#8221;#ffffff&#8221; custom_padding=&#8221;0||46px||false|false&#8221;][et_pb_row custom_padding=&#8221;27px|0px|0|0px|false|false&#8221; admin_label=&#8221;Page Title Area&#8221; _builder_version=&#8221;3.0.47&#8243; background_size=&#8221;initial&#8221; background_position=&#8221;top_left&#8221; background_repeat=&#8221;repeat&#8221;][et_pb_column type=&#8221;4_4&#8243; _builder_version=&#8221;3.0.47&#8243; parallax=&#8221;off&#8221; parallax_method=&#8221;on&#8221;][et_pb_text admin_label=&#8221;Title&#8221; _builder_version=&#8221;3.19.9&#8243; text_font=&#8221;Poppins||||||||&#8221; text_text_color=&#8221;#000000&#8243; text_font_size=&#8221;18px&#8221; text_line_height=&#8221;1.8em&#8221; header_font=&#8221;Poppins|600|||||||&#8221; header_text_color=&#8221;#000000&#8243; header_font_size=&#8221;48px&#8221; header_font_size_phone=&#8221;42px&#8221; header_font_size_last_edited=&#8221;on|phone&#8221; header_line_height=&#8221;1.4em&#8221; header_2_font=&#8221;||||||||&#8221; text_orientation=&#8221;center&#8221; background_layout=&#8221;dark&#8221; max_width=&#8221;700px&#8221; module_alignment=&#8221;center&#8221; custom_margin=&#8221;|||&#8221; animation_style=&#8221;fade&#8221;]<\/p>\n<div class=\"col-lg-9 col-md-8 col-sm-7 \">\n<h1 class=\"entry-title\">Hematoloji<\/h1>\n<\/div>\n<p>[\/et_pb_text][\/et_pb_column][\/et_pb_row][\/et_pb_section][et_pb_section fb_built=&#8221;1&#8243; specialty=&#8221;on&#8221; _builder_version=&#8221;3.19.9&#8243; use_background_color_gradient=&#8221;on&#8221; background_color_gradient_start=&#8221;#ffffff&#8221; background_color_gradient_end=&#8221;rgba(0,99,108,0.5)&#8221;][et_pb_column type=&#8221;3_4&#8243; specialty_columns=&#8221;3&#8243; _builder_version=&#8221;3.0.47&#8243; parallax__hover=&#8221;off&#8221; parallax_method__hover=&#8221;on&#8221; parallax=&#8221;off&#8221; parallax_method=&#8221;on&#8221;][et_pb_row_inner _builder_version=&#8221;3.19.9&#8243;][et_pb_column_inner type=&#8221;4_4&#8243; saved_specialty_column_type=&#8221;3_4&#8243; _builder_version=&#8221;3.0.47&#8243; parallax__hover=&#8221;off&#8221; parallax_method__hover=&#8221;on&#8221; parallax=&#8221;off&#8221; parallax_method=&#8221;on&#8221;][et_pb_text admin_label=&#8221;Title&#8221; _builder_version=&#8221;3.19.9&#8243; text_font=&#8221;Poppins||||||||&#8221; text_font_size=&#8221;16px&#8221; text_line_height=&#8221;1.8em&#8221; ul_font=&#8221;||||||||&#8221; ol_font=&#8221;||||||||&#8221; header_font=&#8221;||||||||&#8221; header_2_font=&#8221;Poppins|600|||||||&#8221; header_2_font_size=&#8221;36px&#8221; header_2_line_height=&#8221;1.4em&#8221; max_width=&#8221;800px&#8221; animation_style=&#8221;fold&#8221; animation_direction=&#8221;bottom&#8221; animation_intensity_fold=&#8221;10%&#8221; animation_starting_opacity=&#8221;100%&#8221;]<\/p>\n<p>Hematoloji, hemofili, lenfoma, l\u00f6semi, orak h\u00fccreli anemi ve di\u011fer kanla ilgili bozukluklar ve malignitelerin nedenleri, te\u015fhisi, tedavisi ve \u00f6nlenmesinin ara\u015ft\u0131r\u0131lmas\u0131yla ilgili t\u0131p dal\u0131d\u0131r. Medical Help T\u00fcrkiye, t\u0131bbi operasyonlar\u0131 hassas bir \u015fekilde sunmak ve hastal\u0131klar\u0131 daha erken bir a\u015famada te\u015fhis etmek i\u00e7in hastalar\u0131 en iyi hastanelere y\u00f6nlendirir.<\/p>\n<p>Hematoloji, kan \u00e7al\u0131\u015fmas\u0131, bir hastan\u0131n k\u0131rm\u0131z\u0131 ve beyaz kan h\u00fccrelerini, kan damarlar\u0131n\u0131, trombositleri, kemik ili\u011fi, dalak, lenf d\u00fc\u011f\u00fcmlerini veya p\u0131ht\u0131la\u015fma ve kanama i\u00e7in gerekli proteinleri etkileyen herhangi bir sorunu ke\u015ffetmeye ve tedavi etmeye \u00e7al\u0131\u015f\u0131r. Size ciddi bir kan bozuklu\u011fu te\u015fhisi konulursa, doktorunuz sizi bu kan bozukluklar\u0131 olan hastalar\u0131 nas\u0131l tedavi edece\u011fi konusunda bilgili bir hematolo\u011fa y\u00f6nlendirecektir. Hematoloji tedavileri kanserli ve kanserli olmayan hastalara uygulanabilir.<\/p>\n<p>Bir onkolo\u011fa benzer \u015fekilde, hematologunuz bir te\u015fhis form\u00fcle etmek ve belirli bir tedavi plan\u0131 olu\u015fturmak i\u00e7in \u00e7al\u0131\u015facakt\u0131r. Kan h\u00fccreleriniz bir doktora genel sa\u011fl\u0131\u011f\u0131n\u0131z hakk\u0131nda \u00e7ok \u015fey s\u00f6yleyebilir. Mikroskop alt\u0131nda incelendi\u011finde, kan h\u00fccreleri tam t\u0131bbi ge\u00e7mi\u015finizi ortaya \u00e7\u0131karabilir.<\/p>\n<p>[\/et_pb_text][et_pb_text admin_label=&#8221;Title&#8221; _builder_version=&#8221;3.19.9&#8243; text_font=&#8221;Poppins||||||||&#8221; text_font_size=&#8221;16px&#8221; text_line_height=&#8221;1.8em&#8221; ul_font=&#8221;||||||||&#8221; ol_font=&#8221;||||||||&#8221; header_font=&#8221;||||||||&#8221; header_2_font=&#8221;Poppins|600|||||||&#8221; header_2_font_size=&#8221;36px&#8221; header_2_line_height=&#8221;1.4em&#8221; max_width=&#8221;800px&#8221; animation_style=&#8221;fold&#8221; animation_direction=&#8221;bottom&#8221; animation_intensity_fold=&#8221;10%&#8221; animation_starting_opacity=&#8221;100%&#8221; locked=&#8221;off&#8221;]<\/p>\n<p>Kardiyovask\u00fcler cerrahi, kardiyovask\u00fcler sistem bozukluklar\u0131ndan veya hastal\u0131klar\u0131ndan kaynaklanan yap\u0131sal kusurlar\u0131 d\u00fczeltmek veya onarmak i\u00e7in t\u0131bbi bir prosed\u00fcrd\u00fcr. Kardiyovask\u00fcler sistem, birlikte \u00e7al\u0131\u015fan \u00fc\u00e7 ba\u011f\u0131ms\u0131z sistemin bir par\u00e7as\u0131d\u0131r: kardiyovask\u00fcler (kalp); pulmoner (akci\u011ferler) ve kalbe kan ta\u015f\u0131yan ve kalpten damar, arter ve k\u0131lcal damarlar.<\/p>\n<p>Tipik olarak kardiyovask\u00fcler sistemdeki olas\u0131 bir hastal\u0131k veya bozuklu\u011fun ilk tan\u0131s\u0131, hastay\u0131 bir kardiyologa y\u00f6nlendirecek olan hastan\u0131n birincil sa\u011fl\u0131k uzman\u0131ndan gelir.<\/p>\n<p>Bir kardiyolog kalp problemini te\u015fhis eder ve uygun ya\u015fam tarz\u0131 ve diyet de\u011fi\u015fiklikleri, ila\u00e7 ve t\u0131bbi prosed\u00fcrleri re\u00e7ete eder. Kardiyolog hastan\u0131n kardiyovask\u00fcler cerrahiye ihtiyac\u0131 oldu\u011funu g\u00f6r\u00fcrse, ona kardiyovask\u00fcler cerrah g\u00f6nderilir.<\/p>\n<p>Bir kardiyovask\u00fcler cerrah, sorunun ger\u00e7ekten d\u00fczeltilmesi i\u00e7in cerrahinin ger\u00e7ekten uygun t\u0131bbi prosed\u00fcr olup olmad\u0131\u011f\u0131n\u0131 de\u011ferlendirir. Kardiyovask\u00fcler cerrahi yapmak i\u00e7in baz\u0131 nedenler \u015funlard\u0131r:<\/p>\n<p>Kalp kapak tamiri veya de\u011fi\u015fimi.<br \/>Kalbin hasarl\u0131 veya anormal yap\u0131s\u0131n\u0131n onar\u0131m\u0131<br \/>Hasarl\u0131 bir kalbi sa\u011fl\u0131kl\u0131 bir kalple de\u011fi\u015ftirin.<br \/>H\u0131z ayarlay\u0131c\u0131 veya di\u011fer t\u0131bbi cihazlar\u0131 yerle\u015ftirmek i\u00e7in<br \/>Hem yeti\u015fkinler hem de \u00e7ocuklar i\u00e7in kardiyovask\u00fcler cerrahi yap\u0131l\u0131r.<\/p>\n<p><strong>Neden insanlar T\u00fcrkiye&#8217;de Kalp ve Damar Cerrahisi istiyorlar?<\/strong><br \/>\u0130statistikler, son 4-5 y\u0131lda, T\u00fcrkiye&#8217;deki kalp ameliyatlar\u0131n\u0131n yakla\u015f\u0131k y\u00fczde 70&#8217;inin di\u011fer \u00fclkelerden gelen hastalar \u00fczerinde oldu\u011funu g\u00f6stermektedir. Bu hastalar, ara\u015ft\u0131rmalar\u0131 T\u00fcrkiye&#8217;de daha d\u00fc\u015f\u00fck maliyetlerle daha kaliteli t\u0131bbi yard\u0131m ve ilgili hizmetler alabileceklerini g\u00f6sterdikten sonra a\u00e7\u0131k bir \u015fekilde kararlar\u0131na gelmi\u015flerdi.<\/p>\n<p><strong>T\u00fcrkiye&#8217;de iyi kardiyologlar ve hastaneler var<\/strong><br \/>\u00c7e\u015fitli ulusal ve uluslararas\u0131 kongre ve sempozyumlarda sunulan \u00e7al\u0131\u015fmalar, T\u00fcrkiye&#8217;deki kalp-damar cerrahilerinin d\u00fcnya standartlar\u0131n\u0131n \u00fcst\u00fcnde olmasa da e\u015fit oldu\u011funu g\u00f6stermektedir. B\u00f6yle y\u00fcksek bir ba\u015far\u0131 oldu \u00e7\u00fcnk\u00fc<\/p>\n<p>T\u00fcrkiye&#8217;deki hastaneler ve di\u011fer sa\u011fl\u0131k tesisleri iyi donan\u0131ml\u0131, modern hastanelere ve y\u00fcksek e\u011fitimli sa\u011fl\u0131k hizmetlerine sahiptir<br \/>T\u00fcrkiye Sa\u011fl\u0131k Bakanl\u0131\u011f\u0131, atanm\u0131\u015f ba\u011f\u0131ms\u0131z bek\u00e7ileri ile birlikte hastaneleri, sa\u011fl\u0131k kurumlar\u0131n\u0131 ve t\u0131p pratisyenlerini teknik, kalite ve t\u0131bbi standartlar\u0131na uygunluklar\u0131 a\u00e7\u0131s\u0131ndan izlemektedir.<br \/>T\u00fcrkiye&#8217;deki \u00e7o\u011fu hastane a\u015fa\u011f\u0131dakilerden herhangi biriyle veya hepsiyle akreditasyon alm\u0131\u015ft\u0131r: JCI (Uluslararas\u0131 Ortak Komisyonlar), ISO (Uluslararas\u0131 Standartlar \u00d6rg\u00fct\u00fc), JACHO (Sa\u011fl\u0131k Kurulu\u015flar\u0131n\u0131n Ortak Akreditasyonu Komisyonu) ve di\u011fer \u00fcst d\u00fczey hastaneler ve sa\u011fl\u0131k hizmetleri ile ba\u011flant\u0131s\u0131<br \/><strong>Kardiyovask\u00fcler cerrahi, T\u00fcrkiye&#8217;de ba\u015fta Avrupa ve ABD olmak \u00fczere \u00e7o\u011fu \u00fclkeye g\u00f6re daha hesapl\u0131d\u0131r.<\/strong><br \/>Di\u011fer \u00fclkelerden gelen hastalar, T\u00fcrkiye&#8217;de kardiyovask\u00fcler cerrahi maliyetinin% 65 ila 80 daha d\u00fc\u015f\u00fck oldu\u011funu bilmek ho\u015f bir s\u00fcrpriz olacakt\u0131r. Bu maliyet avantaj\u0131, T\u00fcrkiye&#8217;deki hastanelerin en iyi sa\u011fl\u0131k hizmetlerini etkin ve etkili bir \u015fekilde sa\u011flayabilmek i\u00e7in insan kaynaklar\u0131, altyap\u0131, ekipman ve teknolojiye sahip olmas\u0131ndan kaynaklanm\u0131\u015ft\u0131r. Hastaneler deneyim kazand\u0131k\u00e7a, daha verimli oldular ve maliyetleri d\u00fc\u015f\u00fcrd\u00fcler.<\/p>\n<p><strong>G\u00f6receli olarak d\u00fc\u015f\u00fck hatal\u0131 uygulama vakalar\u0131<\/strong><br \/>T\u00fcrkiye&#8217;de di\u011fer \u00fclkelere g\u00f6re g\u00f6receli olarak daha az hatal\u0131 uygulama vakas\u0131 vard\u0131r. T\u00fcrkiye ayr\u0131ca, k\u00f6t\u00fc muamele vakalar\u0131na odaklanmak i\u00e7in Adli T\u0131p Kurumu&#8217;nu kurmu\u015ftur.<\/p>\n<p>&nbsp;<\/p>\n<p>[\/et_pb_text][\/et_pb_column_inner][\/et_pb_row_inner][\/et_pb_column][et_pb_column type=&#8221;1_4&#8243; _builder_version=&#8221;3.0.47&#8243; parallax__hover=&#8221;off&#8221; parallax_method__hover=&#8221;on&#8221; parallax=&#8221;off&#8221; parallax_method=&#8221;on&#8221;][et_pb_code _builder_version=&#8221;3.19.9&#8243; animation_style=&#8221;roll&#8221;]\n<div class=\"wpcf7 no-js\" id=\"wpcf7-f4053-o1\" lang=\"en-US\" dir=\"ltr\" data-wpcf7-id=\"4053\">\n<div class=\"screen-reader-response\"><p role=\"status\" aria-live=\"polite\" aria-atomic=\"true\"><\/p> <ul><\/ul><\/div>\n<form action=\"\/tr\/wp-json\/wp\/v2\/pages\/4132#wpcf7-f4053-o1\" method=\"post\" class=\"wpcf7-form init wpcf7-acceptance-as-validation\" aria-label=\"Contact form\" novalidate=\"novalidate\" data-status=\"init\">\n<fieldset class=\"hidden-fields-container\"><input type=\"hidden\" name=\"_wpcf7\" value=\"4053\" \/><input type=\"hidden\" name=\"_wpcf7_version\" value=\"6.1.5\" \/><input type=\"hidden\" name=\"_wpcf7_locale\" value=\"en_US\" \/><input type=\"hidden\" name=\"_wpcf7_unit_tag\" value=\"wpcf7-f4053-o1\" \/><input type=\"hidden\" name=\"_wpcf7_container_post\" value=\"0\" \/><input type=\"hidden\" name=\"_wpcf7_posted_data_hash\" value=\"\" \/>\n<\/fieldset>\n<p><span class=\"wpcf7-form-control-wrap\" data-name=\"your-name\"><input size=\"40\" maxlength=\"400\" class=\"wpcf7-form-control wpcf7-text\" aria-invalid=\"false\" placeholder=\"Ad\u0131n\u0131z\" value=\"\" type=\"text\" name=\"your-name\" \/><\/span>\n<\/p>\n<p><span class=\"wpcf7-form-control-wrap\" data-name=\"your-email\"><input size=\"40\" maxlength=\"400\" class=\"wpcf7-form-control wpcf7-email wpcf7-text wpcf7-validates-as-email\" aria-invalid=\"false\" placeholder=\"E-posta adresiniz\" value=\"\" type=\"email\" name=\"your-email\" \/><\/span>\n<\/p>\n<p><span class=\"wpcf7-form-control-wrap\" data-name=\"phonetext-813\"><input size=\"40\" class=\"wpcf7-form-control wpcf7-phonetext wpcf7-validates-as-required wpcf7-text wpcf7-validates-as-phonetext\" aria-required=\"true\" aria-invalid=\"false\" placeholder=\"Telefon\" value=\"\" type=\"text\" name=\"phonetext-813\" \/><input type=\"hidden\" name=\"phonetext-813-country-code\" class=\"wpcf7-phonetext-country-code\" \/><\/span>\n<\/p>\n<p><span class=\"wpcf7-form-control-wrap\" data-name=\"your-message\"><textarea cols=\"40\" rows=\"10\" maxlength=\"2000\" class=\"wpcf7-form-control wpcf7-textarea\" aria-invalid=\"false\" placeholder=\"Mesaj\u0131n\u0131z\" name=\"your-message\"><\/textarea><\/span>\n<\/p>\n<p><span id=\"wpcf7-69f271ce39eb1-wrapper\" class=\"wpcf7-form-control-wrap Email-wrap\" style=\"display:none !important; visibility:hidden !important;\"><label for=\"wpcf7-69f271ce39eb1-field\" class=\"hp-message\">Please leave this field empty.<\/label><input id=\"wpcf7-69f271ce39eb1-field\"  class=\"wpcf7-form-control wpcf7-text\" type=\"text\" name=\"Email\" value=\"\" size=\"40\" tabindex=\"-1\" autocomplete=\"new-password\" \/><\/span>\n<\/p>\n<p><span class=\"wpcf7-form-control-wrap\" data-name=\"acceptance-354\"><span class=\"wpcf7-form-control wpcf7-acceptance\"><span class=\"wpcf7-list-item\"><label><input type=\"checkbox\" name=\"acceptance-354\" value=\"1\" aria-invalid=\"false\" \/><span class=\"wpcf7-list-item-label\">\u015eartlar ve Ko\u015fullar\u0131 ve Gizlilik Politikas\u0131n\u0131 okudum ve kabul ediyorum<\/a><\/span><\/label><\/span><\/span><\/span>\n<\/p>\n<p><input class=\"wpcf7-form-control wpcf7-submit has-spinner\" type=\"submit\" value=\"G\u00f6nder\" \/>\n<\/p><p style=\"display: none !important;\" class=\"akismet-fields-container\" data-prefix=\"_wpcf7_ak_\"><label>&#916;<textarea name=\"_wpcf7_ak_hp_textarea\" cols=\"45\" rows=\"8\" maxlength=\"100\"><\/textarea><\/label><input type=\"hidden\" id=\"ak_js_1\" name=\"_wpcf7_ak_js\" value=\"179\"\/><script>document.getElementById( \"ak_js_1\" ).setAttribute( \"value\", ( new Date() ).getTime() );<\/script><\/p><div class=\"wpcf7-response-output\" aria-hidden=\"true\"><\/div>\n<\/form>\n<\/div>\n[\/et_pb_code][\/et_pb_column][\/et_pb_section]<\/p>\n","protected":false},"excerpt":{"rendered":"<p>Hematoloji Hematoloji, hemofili, lenfoma, l\u00f6semi, orak h\u00fccreli anemi ve di\u011fer kanla ilgili bozukluklar ve malignitelerin nedenleri, te\u015fhisi, tedavisi ve \u00f6nlenmesinin ara\u015ft\u0131r\u0131lmas\u0131yla ilgili t\u0131p dal\u0131d\u0131r. Medical Help T\u00fcrkiye, t\u0131bbi operasyonlar\u0131 hassas bir \u015fekilde sunmak ve hastal\u0131klar\u0131 daha erken bir a\u015famada te\u015fhis etmek i\u00e7in hastalar\u0131 en iyi hastanelere y\u00f6nlendirir. Hematoloji, kan \u00e7al\u0131\u015fmas\u0131, bir hastan\u0131n k\u0131rm\u0131z\u0131 ve beyaz [&hellip;]<\/p>\n","protected":false},"author":1,"featured_media":0,"parent":0,"menu_order":0,"comment_status":"closed","ping_status":"closed","template":"","meta":{"_et_pb_use_builder":"on","_et_pb_old_content":"","_et_gb_content_width":"","footnotes":""},"class_list":["post-4132","page","type-page","status-publish","hentry"],"yoast_head":"<!-- This site is optimized with the Yoast SEO Premium plugin v16.5 (Yoast SEO v27.0) - https:\/\/yoast.com\/product\/yoast-seo-premium-wordpress\/ -->\n<title>Hematology - Medical Help Turkey<\/title>\n<meta name=\"robots\" content=\"index, follow, max-snippet:-1, max-image-preview:large, max-video-preview:-1\" \/>\n<link rel=\"canonical\" href=\"https:\/\/www.medicalhelpturkey.com\/tr\/hematology\/\" \/>\n<meta property=\"og:locale\" content=\"tr_TR\" \/>\n<meta property=\"og:type\" content=\"article\" \/>\n<meta property=\"og:title\" content=\"Hematology - Medical Help Turkey\" \/>\n<meta property=\"og:url\" content=\"https:\/\/www.medicalhelpturkey.com\/tr\/hematology\/\" \/>\n<meta property=\"og:site_name\" content=\"Medical Help Turkey\" \/>\n<meta property=\"article:publisher\" content=\"https:\/\/www.facebook.com\/medicalhelpturkey\" \/>\n<meta property=\"article:modified_time\" content=\"2020-02-03T12:48:12+00:00\" \/>\n<meta name=\"twitter:card\" content=\"summary_large_image\" \/>\n<meta name=\"twitter:site\" content=\"@medicalhelptr\" \/>\n<meta name=\"twitter:label1\" content=\"Tahmini okuma s\u00fcresi\" \/>\n\t<meta name=\"twitter:data1\" content=\"6 dakika\" \/>\n<script type=\"application\/ld+json\" class=\"yoast-schema-graph\">{\"@context\":\"https:\/\/schema.org\",\"@graph\":[{\"@type\":\"WebPage\",\"@id\":\"https:\/\/www.medicalhelpturkey.com\/tr\/hematology\/\",\"url\":\"https:\/\/www.medicalhelpturkey.com\/tr\/hematology\/\",\"name\":\"Hematology - Medical Help Turkey\",\"isPartOf\":{\"@id\":\"https:\/\/www.medicalhelpturkey.com\/ar\/#website\"},\"datePublished\":\"2019-02-19T07:40:53+00:00\",\"dateModified\":\"2020-02-03T12:48:12+00:00\",\"breadcrumb\":{\"@id\":\"https:\/\/www.medicalhelpturkey.com\/tr\/hematology\/#breadcrumb\"},\"inLanguage\":\"tr\",\"potentialAction\":[{\"@type\":\"ReadAction\",\"target\":[\"https:\/\/www.medicalhelpturkey.com\/tr\/hematology\/\"]}]},{\"@type\":\"BreadcrumbList\",\"@id\":\"https:\/\/www.medicalhelpturkey.com\/tr\/hematology\/#breadcrumb\",\"itemListElement\":[{\"@type\":\"ListItem\",\"position\":1,\"name\":\"Home\",\"item\":\"https:\/\/www.medicalhelpturkey.com\/tr\/\"},{\"@type\":\"ListItem\",\"position\":2,\"name\":\"Hematology\"}]},{\"@type\":\"WebSite\",\"@id\":\"https:\/\/www.medicalhelpturkey.com\/ar\/#website\",\"url\":\"https:\/\/www.medicalhelpturkey.com\/ar\/\",\"name\":\"Medical Help Turkey\",\"description\":\"We Help Patients Access Better Healthcare\",\"publisher\":{\"@id\":\"https:\/\/www.medicalhelpturkey.com\/ar\/#organization\"},\"potentialAction\":[{\"@type\":\"SearchAction\",\"target\":{\"@type\":\"EntryPoint\",\"urlTemplate\":\"https:\/\/www.medicalhelpturkey.com\/ar\/?s={search_term_string}\"},\"query-input\":{\"@type\":\"PropertyValueSpecification\",\"valueRequired\":true,\"valueName\":\"search_term_string\"}}],\"inLanguage\":\"tr\"},{\"@type\":\"Organization\",\"@id\":\"https:\/\/www.medicalhelpturkey.com\/ar\/#organization\",\"name\":\"Medical Help Turkey\",\"url\":\"https:\/\/www.medicalhelpturkey.com\/ar\/\",\"logo\":{\"@type\":\"ImageObject\",\"inLanguage\":\"tr\",\"@id\":\"https:\/\/www.medicalhelpturkey.com\/ar\/#\/schema\/logo\/image\/\",\"url\":\"https:\/\/www.medicalhelpturkey.com\/wp-content\/uploads\/2019\/01\/mht_logo_2_v2.png\",\"contentUrl\":\"https:\/\/www.medicalhelpturkey.com\/wp-content\/uploads\/2019\/01\/mht_logo_2_v2.png\",\"width\":270,\"height\":80,\"caption\":\"Medical Help Turkey\"},\"image\":{\"@id\":\"https:\/\/www.medicalhelpturkey.com\/ar\/#\/schema\/logo\/image\/\"},\"sameAs\":[\"https:\/\/www.facebook.com\/medicalhelpturkey\",\"https:\/\/x.com\/medicalhelptr\",\"https:\/\/www.instagram.com\/medicalhelpturkey\",\"https:\/\/linkedin.com\/company\/medical-help-turkey\"]}]}<\/script>\n<!-- \/ Yoast SEO Premium plugin. -->","yoast_head_json":{"title":"Hematology - Medical Help Turkey","robots":{"index":"index","follow":"follow","max-snippet":"max-snippet:-1","max-image-preview":"max-image-preview:large","max-video-preview":"max-video-preview:-1"},"canonical":"https:\/\/www.medicalhelpturkey.com\/tr\/hematology\/","og_locale":"tr_TR","og_type":"article","og_title":"Hematology - Medical Help Turkey","og_url":"https:\/\/www.medicalhelpturkey.com\/tr\/hematology\/","og_site_name":"Medical Help Turkey","article_publisher":"https:\/\/www.facebook.com\/medicalhelpturkey","article_modified_time":"2020-02-03T12:48:12+00:00","twitter_card":"summary_large_image","twitter_site":"@medicalhelptr","twitter_misc":{"Tahmini okuma s\u00fcresi":"6 dakika"},"schema":{"@context":"https:\/\/schema.org","@graph":[{"@type":"WebPage","@id":"https:\/\/www.medicalhelpturkey.com\/tr\/hematology\/","url":"https:\/\/www.medicalhelpturkey.com\/tr\/hematology\/","name":"Hematology - Medical Help Turkey","isPartOf":{"@id":"https:\/\/www.medicalhelpturkey.com\/ar\/#website"},"datePublished":"2019-02-19T07:40:53+00:00","dateModified":"2020-02-03T12:48:12+00:00","breadcrumb":{"@id":"https:\/\/www.medicalhelpturkey.com\/tr\/hematology\/#breadcrumb"},"inLanguage":"tr","potentialAction":[{"@type":"ReadAction","target":["https:\/\/www.medicalhelpturkey.com\/tr\/hematology\/"]}]},{"@type":"BreadcrumbList","@id":"https:\/\/www.medicalhelpturkey.com\/tr\/hematology\/#breadcrumb","itemListElement":[{"@type":"ListItem","position":1,"name":"Home","item":"https:\/\/www.medicalhelpturkey.com\/tr\/"},{"@type":"ListItem","position":2,"name":"Hematology"}]},{"@type":"WebSite","@id":"https:\/\/www.medicalhelpturkey.com\/ar\/#website","url":"https:\/\/www.medicalhelpturkey.com\/ar\/","name":"Medical Help Turkey","description":"We Help Patients Access Better Healthcare","publisher":{"@id":"https:\/\/www.medicalhelpturkey.com\/ar\/#organization"},"potentialAction":[{"@type":"SearchAction","target":{"@type":"EntryPoint","urlTemplate":"https:\/\/www.medicalhelpturkey.com\/ar\/?s={search_term_string}"},"query-input":{"@type":"PropertyValueSpecification","valueRequired":true,"valueName":"search_term_string"}}],"inLanguage":"tr"},{"@type":"Organization","@id":"https:\/\/www.medicalhelpturkey.com\/ar\/#organization","name":"Medical Help Turkey","url":"https:\/\/www.medicalhelpturkey.com\/ar\/","logo":{"@type":"ImageObject","inLanguage":"tr","@id":"https:\/\/www.medicalhelpturkey.com\/ar\/#\/schema\/logo\/image\/","url":"https:\/\/www.medicalhelpturkey.com\/wp-content\/uploads\/2019\/01\/mht_logo_2_v2.png","contentUrl":"https:\/\/www.medicalhelpturkey.com\/wp-content\/uploads\/2019\/01\/mht_logo_2_v2.png","width":270,"height":80,"caption":"Medical Help Turkey"},"image":{"@id":"https:\/\/www.medicalhelpturkey.com\/ar\/#\/schema\/logo\/image\/"},"sameAs":["https:\/\/www.facebook.com\/medicalhelpturkey","https:\/\/x.com\/medicalhelptr","https:\/\/www.instagram.com\/medicalhelpturkey","https:\/\/linkedin.com\/company\/medical-help-turkey"]}]}},"_links":{"self":[{"href":"https:\/\/www.medicalhelpturkey.com\/tr\/wp-json\/wp\/v2\/pages\/4132","targetHints":{"allow":["GET"]}}],"collection":[{"href":"https:\/\/www.medicalhelpturkey.com\/tr\/wp-json\/wp\/v2\/pages"}],"about":[{"href":"https:\/\/www.medicalhelpturkey.com\/tr\/wp-json\/wp\/v2\/types\/page"}],"author":[{"embeddable":true,"href":"https:\/\/www.medicalhelpturkey.com\/tr\/wp-json\/wp\/v2\/users\/1"}],"replies":[{"embeddable":true,"href":"https:\/\/www.medicalhelpturkey.com\/tr\/wp-json\/wp\/v2\/comments?post=4132"}],"version-history":[{"count":2,"href":"https:\/\/www.medicalhelpturkey.com\/tr\/wp-json\/wp\/v2\/pages\/4132\/revisions"}],"predecessor-version":[{"id":4184,"href":"https:\/\/www.medicalhelpturkey.com\/tr\/wp-json\/wp\/v2\/pages\/4132\/revisions\/4184"}],"wp:attachment":[{"href":"https:\/\/www.medicalhelpturkey.com\/tr\/wp-json\/wp\/v2\/media?parent=4132"}],"curies":[{"name":"wp","href":"https:\/\/api.w.org\/{rel}","templated":true}]}}