{"id":4151,"date":"2019-02-19T12:42:02","date_gmt":"2019-02-19T12:42:02","guid":{"rendered":"https:\/\/www.medicalhelpturkey.com\/transplantation-surgery\/"},"modified":"2020-02-03T14:06:06","modified_gmt":"2020-02-03T11:06:06","slug":"transplantation-surgery","status":"publish","type":"page","link":"https:\/\/www.medicalhelpturkey.com\/tr\/transplantation-surgery\/","title":{"rendered":"Transplantation Surgery"},"content":{"rendered":"<p>[et_pb_section fb_built=&#8221;1&#8243; admin_label=&#8221;Page Title Section&#8221; _builder_version=&#8221;3.19.9&#8243; use_background_color_gradient=&#8221;on&#8221; background_color_gradient_start=&#8221;#6b73ff&#8221; background_color_gradient_end=&#8221;#000dff&#8221; background_color_gradient_direction=&#8221;120deg&#8221; background_image=&#8221;https:\/\/www.medicalhelpturkey.com\/wp-content\/uploads\/2019\/03\/transplantatie_home.jpg&#8221; parallax=&#8221;on&#8221; parallax_method=&#8221;off&#8221; box_shadow_style=&#8221;preset7&#8243; box_shadow_horizontal=&#8221;0px&#8221; box_shadow_vertical=&#8221;-220px&#8221; box_shadow_color=&#8221;#ffffff&#8221; custom_padding=&#8221;13px||16px||false|false&#8221;][et_pb_row custom_padding=&#8221;27px|0px|0|0px|false|false&#8221; admin_label=&#8221;Page Title Area&#8221; _builder_version=&#8221;3.0.47&#8243; background_size=&#8221;initial&#8221; background_position=&#8221;top_left&#8221; background_repeat=&#8221;repeat&#8221;][et_pb_column type=&#8221;4_4&#8243; _builder_version=&#8221;3.0.47&#8243; parallax=&#8221;off&#8221; parallax_method=&#8221;on&#8221;][et_pb_text admin_label=&#8221;Title&#8221; _builder_version=&#8221;3.19.9&#8243; text_font=&#8221;Poppins||||||||&#8221; text_text_color=&#8221;#000000&#8243; text_font_size=&#8221;18px&#8221; text_line_height=&#8221;1.8em&#8221; header_font=&#8221;Poppins|600|||||||&#8221; header_text_color=&#8221;#ffffff&#8221; header_font_size=&#8221;48px&#8221; header_font_size_phone=&#8221;34px&#8221; header_font_size_last_edited=&#8221;on|phone&#8221; header_line_height=&#8221;1.4em&#8221; header_2_font=&#8221;||||||||&#8221; text_orientation=&#8221;center&#8221; background_layout=&#8221;dark&#8221; max_width=&#8221;700px&#8221; module_alignment=&#8221;center&#8221; custom_margin=&#8221;|||&#8221; animation_style=&#8221;fade&#8221;]<\/p>\n<div class=\"col-lg-9 col-md-8 col-sm-7 \">\n<h1 class=\"entry-title\">Organ Nakli Cerrahisi<\/h1>\n<\/div>\n<p>[\/et_pb_text][\/et_pb_column][\/et_pb_row][\/et_pb_section][et_pb_section fb_built=&#8221;1&#8243; specialty=&#8221;on&#8221; _builder_version=&#8221;3.19.9&#8243; use_background_color_gradient=&#8221;on&#8221; background_color_gradient_start=&#8221;#ffffff&#8221; background_color_gradient_end=&#8221;rgba(0,99,108,0.5)&#8221;][et_pb_column type=&#8221;3_4&#8243; specialty_columns=&#8221;3&#8243; _builder_version=&#8221;3.0.47&#8243; parallax__hover=&#8221;off&#8221; parallax_method__hover=&#8221;on&#8221; parallax=&#8221;off&#8221; parallax_method=&#8221;on&#8221;][et_pb_row_inner _builder_version=&#8221;3.19.9&#8243;][et_pb_column_inner type=&#8221;4_4&#8243; saved_specialty_column_type=&#8221;3_4&#8243; _builder_version=&#8221;3.0.47&#8243; parallax__hover=&#8221;off&#8221; parallax_method__hover=&#8221;on&#8221; parallax=&#8221;off&#8221; parallax_method=&#8221;on&#8221;][et_pb_text admin_label=&#8221;Title&#8221; _builder_version=&#8221;3.19.9&#8243; text_font=&#8221;Poppins||||||||&#8221; text_font_size=&#8221;16px&#8221; text_line_height=&#8221;1.8em&#8221; ul_font=&#8221;||||||||&#8221; ol_font=&#8221;||||||||&#8221; header_font=&#8221;||||||||&#8221; header_2_font=&#8221;Poppins|600|||||||&#8221; header_2_font_size=&#8221;36px&#8221; header_2_line_height=&#8221;1.4em&#8221; max_width=&#8221;800px&#8221; animation_style=&#8221;fold&#8221; animation_direction=&#8221;bottom&#8221; animation_intensity_fold=&#8221;10%&#8221; animation_starting_opacity=&#8221;100%&#8221;]<\/p>\n<p style=\"text-align: justify;\">Di\u011fer alanlardan farkl\u0131 olarak, transplantasyon bir\u00e7ok son d\u00f6nem organ hastal\u0131\u011f\u0131 i\u00e7in multidisipliner bir yakla\u015f\u0131mla ba\u015far\u0131l\u0131 bir tedavi sunar. T\u00fcrkiye&#8217;de transplantasyon cerrahisi, k\u00f6k h\u00fccre nakillerinden kanser formlar\u0131na, karaci\u011fer, b\u00f6brek veya pankreas gibi organ nakillerine kadar \u00e7ok \u00e7e\u015fitli nakilleri kapsamaktad\u0131r.<\/p>\n<p>[\/et_pb_text][\/et_pb_column_inner][\/et_pb_row_inner][et_pb_row_inner custom_padding=&#8221;48px|0px|29.6875px|0px|false|false&#8221; _builder_version=&#8221;3.19.9&#8243; animation_style=&#8221;bounce&#8221;][et_pb_column_inner type=&#8221;1_3&#8243; saved_specialty_column_type=&#8221;3_4&#8243; _builder_version=&#8221;3.0.47&#8243; parallax__hover=&#8221;off&#8221; parallax_method__hover=&#8221;on&#8221; parallax=&#8221;off&#8221; parallax_method=&#8221;on&#8221;][et_pb_image src=&#8221;https:\/\/www.medicalhelpturkey.com\/wp-content\/uploads\/2019\/03\/liver-transplant-in-Turkey-1.jpg&#8221; force_fullwidth=&#8221;on&#8221; _builder_version=&#8221;3.19.9&#8243;][\/et_pb_image][et_pb_cta title=&#8221;Karaci\u011fer nakli&#8221; button_url=&#8221;https:\/\/www.medicalhelpturkey.com\/liver-transplant\/&#8221; _builder_version=&#8221;3.19.9&#8243; header_level=&#8221;h3&#8243; header_font=&#8221;Poppins||||||||&#8221; header_font_size=&#8221;22px&#8221; header_line_height=&#8221;1.4em&#8221; body_font=&#8221;Poppins||||||||&#8221; body_font_size=&#8221;16px&#8221; body_line_height=&#8221;1.8em&#8221; use_background_color=&#8221;off&#8221; custom_button=&#8221;on&#8221; button_text_size=&#8221;14px&#8221; button_text_color=&#8221;#ffffff&#8221; button_bg_color=&#8221;#f6a134&#8243; button_border_width=&#8221;7px&#8221; button_border_color=&#8221;#f6a134&#8243; button_letter_spacing=&#8221;2px&#8221; button_font=&#8221;Poppins|600||on|||||&#8221; button_icon=&#8221;%%3%%&#8221; background_layout=&#8221;light&#8221; animation_direction=&#8221;right&#8221; locked=&#8221;off&#8221; button_text_size__hover_enabled=&#8221;off&#8221; button_one_text_size__hover_enabled=&#8221;off&#8221; button_two_text_size__hover_enabled=&#8221;off&#8221; button_text_color__hover_enabled=&#8221;off&#8221; button_one_text_color__hover_enabled=&#8221;off&#8221; button_two_text_color__hover_enabled=&#8221;off&#8221; button_border_width__hover_enabled=&#8221;off&#8221; button_one_border_width__hover_enabled=&#8221;off&#8221; button_two_border_width__hover_enabled=&#8221;off&#8221; button_border_color__hover_enabled=&#8221;off&#8221; button_one_border_color__hover_enabled=&#8221;off&#8221; button_two_border_color__hover_enabled=&#8221;off&#8221; button_border_radius__hover_enabled=&#8221;off&#8221; button_one_border_radius__hover_enabled=&#8221;off&#8221; button_two_border_radius__hover_enabled=&#8221;off&#8221; button_letter_spacing__hover_enabled=&#8221;off&#8221; button_one_letter_spacing__hover_enabled=&#8221;off&#8221; button_two_letter_spacing__hover_enabled=&#8221;off&#8221; button_bg_color__hover_enabled=&#8221;off&#8221; button_one_bg_color__hover_enabled=&#8221;off&#8221; button_two_bg_color__hover_enabled=&#8221;off&#8221;]<\/p>\n<p style=\"text-align: justify;\">Karaci\u011fer nakli, hastal\u0131kl\u0131 bir karaci\u011feri ba\u015fka bir ki\u015fiden veya don\u00f6rden gelen sa\u011fl\u0131kl\u0131 bir karaci\u011fer (tam veya par\u00e7a) ile de\u011fi\u015ftirmek i\u00e7in cerrahi bir prosed\u00fcrd\u00fcr.<\/p>\n<p>[\/et_pb_cta][\/et_pb_column_inner][et_pb_column_inner type=&#8221;1_3&#8243; saved_specialty_column_type=&#8221;3_4&#8243; _builder_version=&#8221;3.0.47&#8243; parallax__hover=&#8221;off&#8221; parallax_method__hover=&#8221;on&#8221; parallax=&#8221;off&#8221; parallax_method=&#8221;on&#8221;][et_pb_image src=&#8221;https:\/\/www.medicalhelpturkey.com\/wp-content\/uploads\/2019\/03\/kidney-banner-1-1.jpg&#8221; force_fullwidth=&#8221;on&#8221; _builder_version=&#8221;3.19.9&#8243; locked=&#8221;off&#8221;][\/et_pb_image][et_pb_cta title=&#8221;B\u00f6brek nakli&#8221; button_url=&#8221;https:\/\/www.medicalhelpturkey.com\/kidney-transplant\/&#8221; _builder_version=&#8221;3.19.9&#8243; header_level=&#8221;h3&#8243; header_font=&#8221;Poppins||||||||&#8221; header_font_size=&#8221;22px&#8221; header_line_height=&#8221;1.4em&#8221; body_font=&#8221;Poppins||||||||&#8221; body_font_size=&#8221;16px&#8221; body_line_height=&#8221;1.8em&#8221; use_background_color=&#8221;off&#8221; custom_button=&#8221;on&#8221; button_text_size=&#8221;14px&#8221; button_text_color=&#8221;#ffffff&#8221; button_bg_color=&#8221;#f6a134&#8243; button_border_width=&#8221;7px&#8221; button_border_color=&#8221;#f6a134&#8243; button_letter_spacing=&#8221;2px&#8221; button_font=&#8221;Poppins|600||on|||||&#8221; button_icon=&#8221;%%3%%&#8221; background_layout=&#8221;light&#8221; animation_direction=&#8221;right&#8221; locked=&#8221;off&#8221; button_text_size__hover_enabled=&#8221;off&#8221; button_one_text_size__hover_enabled=&#8221;off&#8221; button_two_text_size__hover_enabled=&#8221;off&#8221; button_text_color__hover_enabled=&#8221;off&#8221; button_one_text_color__hover_enabled=&#8221;off&#8221; button_two_text_color__hover_enabled=&#8221;off&#8221; button_border_width__hover_enabled=&#8221;off&#8221; button_one_border_width__hover_enabled=&#8221;off&#8221; button_two_border_width__hover_enabled=&#8221;off&#8221; button_border_color__hover_enabled=&#8221;off&#8221; button_one_border_color__hover_enabled=&#8221;off&#8221; button_two_border_color__hover_enabled=&#8221;off&#8221; button_border_radius__hover_enabled=&#8221;off&#8221; button_one_border_radius__hover_enabled=&#8221;off&#8221; button_two_border_radius__hover_enabled=&#8221;off&#8221; button_letter_spacing__hover_enabled=&#8221;off&#8221; button_one_letter_spacing__hover_enabled=&#8221;off&#8221; button_two_letter_spacing__hover_enabled=&#8221;off&#8221; button_bg_color__hover_enabled=&#8221;off&#8221; button_one_bg_color__hover_enabled=&#8221;off&#8221; button_two_bg_color__hover_enabled=&#8221;off&#8221;]<\/p>\n<p style=\"text-align: justify;\">B\u00f6brek nakli, b\u00f6brekleri art\u0131k d\u00fczg\u00fcn \u00e7al\u0131\u015fmayan bir ki\u015fiye canl\u0131 veya \u00f6lm\u00fc\u015f bir don\u00f6rden bir b\u00f6brek yerle\u015ftirmek i\u00e7in cerrahi bir prosed\u00fcrd\u00fcr.<\/p>\n<p>[\/et_pb_cta][\/et_pb_column_inner][et_pb_column_inner type=&#8221;1_3&#8243; saved_specialty_column_type=&#8221;3_4&#8243; _builder_version=&#8221;3.0.47&#8243; parallax__hover=&#8221;off&#8221; parallax_method__hover=&#8221;on&#8221; parallax=&#8221;off&#8221; parallax_method=&#8221;on&#8221;][\/et_pb_column_inner][\/et_pb_row_inner][\/et_pb_column][et_pb_column type=&#8221;1_4&#8243; _builder_version=&#8221;3.0.47&#8243; parallax__hover=&#8221;off&#8221; parallax_method__hover=&#8221;on&#8221; parallax=&#8221;off&#8221; parallax_method=&#8221;on&#8221;][et_pb_code _builder_version=&#8221;3.19.9&#8243; animation_style=&#8221;roll&#8221;]\n<div class=\"wpcf7 no-js\" id=\"wpcf7-f4053-o1\" lang=\"en-US\" dir=\"ltr\" data-wpcf7-id=\"4053\">\n<div class=\"screen-reader-response\"><p role=\"status\" aria-live=\"polite\" aria-atomic=\"true\"><\/p> <ul><\/ul><\/div>\n<form action=\"\/tr\/wp-json\/wp\/v2\/pages\/4151#wpcf7-f4053-o1\" method=\"post\" class=\"wpcf7-form init wpcf7-acceptance-as-validation\" aria-label=\"Contact form\" novalidate=\"novalidate\" data-status=\"init\">\n<fieldset class=\"hidden-fields-container\"><input type=\"hidden\" name=\"_wpcf7\" value=\"4053\" \/><input type=\"hidden\" name=\"_wpcf7_version\" value=\"6.1.5\" \/><input type=\"hidden\" name=\"_wpcf7_locale\" value=\"en_US\" \/><input type=\"hidden\" name=\"_wpcf7_unit_tag\" value=\"wpcf7-f4053-o1\" \/><input type=\"hidden\" name=\"_wpcf7_container_post\" value=\"0\" \/><input type=\"hidden\" name=\"_wpcf7_posted_data_hash\" value=\"\" \/>\n<\/fieldset>\n<p><span class=\"wpcf7-form-control-wrap\" data-name=\"your-name\"><input size=\"40\" maxlength=\"400\" class=\"wpcf7-form-control wpcf7-text\" aria-invalid=\"false\" placeholder=\"Ad\u0131n\u0131z\" value=\"\" type=\"text\" name=\"your-name\" \/><\/span>\n<\/p>\n<p><span class=\"wpcf7-form-control-wrap\" data-name=\"your-email\"><input size=\"40\" maxlength=\"400\" class=\"wpcf7-form-control wpcf7-email wpcf7-text wpcf7-validates-as-email\" aria-invalid=\"false\" placeholder=\"E-posta adresiniz\" value=\"\" type=\"email\" name=\"your-email\" \/><\/span>\n<\/p>\n<p><span class=\"wpcf7-form-control-wrap\" data-name=\"phonetext-813\"><input size=\"40\" class=\"wpcf7-form-control wpcf7-phonetext wpcf7-validates-as-required wpcf7-text wpcf7-validates-as-phonetext\" aria-required=\"true\" aria-invalid=\"false\" placeholder=\"Telefon\" value=\"\" type=\"text\" name=\"phonetext-813\" \/><input type=\"hidden\" name=\"phonetext-813-country-code\" class=\"wpcf7-phonetext-country-code\" \/><\/span>\n<\/p>\n<p><span class=\"wpcf7-form-control-wrap\" data-name=\"your-message\"><textarea cols=\"40\" rows=\"10\" maxlength=\"2000\" class=\"wpcf7-form-control wpcf7-textarea\" aria-invalid=\"false\" placeholder=\"Mesaj\u0131n\u0131z\" name=\"your-message\"><\/textarea><\/span>\n<\/p>\n<p><span id=\"wpcf7-6a033a70da5d6-wrapper\" class=\"wpcf7-form-control-wrap Email-wrap\" style=\"display:none !important; visibility:hidden !important;\"><label for=\"wpcf7-6a033a70da5d6-field\" class=\"hp-message\">Please leave this field empty.<\/label><input id=\"wpcf7-6a033a70da5d6-field\"  class=\"wpcf7-form-control wpcf7-text\" type=\"text\" name=\"Email\" value=\"\" size=\"40\" tabindex=\"-1\" autocomplete=\"new-password\" \/><\/span>\n<\/p>\n<p><span class=\"wpcf7-form-control-wrap\" data-name=\"acceptance-354\"><span class=\"wpcf7-form-control wpcf7-acceptance\"><span class=\"wpcf7-list-item\"><label><input type=\"checkbox\" name=\"acceptance-354\" value=\"1\" aria-invalid=\"false\" \/><span class=\"wpcf7-list-item-label\">\u015eartlar ve Ko\u015fullar\u0131 ve Gizlilik Politikas\u0131n\u0131 okudum ve kabul ediyorum<\/a><\/span><\/label><\/span><\/span><\/span>\n<\/p>\n<p><input class=\"wpcf7-form-control wpcf7-submit has-spinner\" type=\"submit\" value=\"G\u00f6nder\" \/>\n<\/p><p style=\"display: none !important;\" class=\"akismet-fields-container\" data-prefix=\"_wpcf7_ak_\"><label>&#916;<textarea name=\"_wpcf7_ak_hp_textarea\" cols=\"45\" rows=\"8\" maxlength=\"100\"><\/textarea><\/label><input type=\"hidden\" id=\"ak_js_1\" name=\"_wpcf7_ak_js\" value=\"76\"\/><script>document.getElementById( \"ak_js_1\" ).setAttribute( \"value\", ( new Date() ).getTime() );<\/script><\/p><div class=\"wpcf7-response-output\" aria-hidden=\"true\"><\/div>\n<\/form>\n<\/div>\n[\/et_pb_code][\/et_pb_column][\/et_pb_section]<\/p>\n","protected":false},"excerpt":{"rendered":"<p>Organ Nakli Cerrahisi Di\u011fer alanlardan farkl\u0131 olarak, transplantasyon bir\u00e7ok son d\u00f6nem organ hastal\u0131\u011f\u0131 i\u00e7in multidisipliner bir yakla\u015f\u0131mla ba\u015far\u0131l\u0131 bir tedavi sunar. T\u00fcrkiye&#8217;de transplantasyon cerrahisi, k\u00f6k h\u00fccre nakillerinden kanser formlar\u0131na, karaci\u011fer, b\u00f6brek veya pankreas gibi organ nakillerine kadar \u00e7ok \u00e7e\u015fitli nakilleri kapsamaktad\u0131r. Karaci\u011fer nakli, hastal\u0131kl\u0131 bir karaci\u011feri ba\u015fka bir ki\u015fiden veya don\u00f6rden gelen sa\u011fl\u0131kl\u0131 bir karaci\u011fer [&hellip;]<\/p>\n","protected":false},"author":1,"featured_media":0,"parent":0,"menu_order":0,"comment_status":"closed","ping_status":"closed","template":"","meta":{"_et_pb_use_builder":"on","_et_pb_old_content":"","_et_gb_content_width":"","footnotes":""},"class_list":["post-4151","page","type-page","status-publish","hentry"],"yoast_head":"<!-- This site is optimized with the Yoast SEO Premium plugin v16.5 (Yoast SEO v27.0) - https:\/\/yoast.com\/product\/yoast-seo-premium-wordpress\/ -->\n<title>Transplantation Surgery - Medical Help Turkey<\/title>\n<meta name=\"robots\" content=\"index, follow, max-snippet:-1, max-image-preview:large, max-video-preview:-1\" \/>\n<link rel=\"canonical\" href=\"https:\/\/www.medicalhelpturkey.com\/tr\/transplantation-surgery\/\" \/>\n<meta property=\"og:locale\" content=\"tr_TR\" \/>\n<meta property=\"og:type\" content=\"article\" \/>\n<meta property=\"og:title\" content=\"Transplantation Surgery - Medical Help Turkey\" \/>\n<meta property=\"og:url\" content=\"https:\/\/www.medicalhelpturkey.com\/tr\/transplantation-surgery\/\" \/>\n<meta property=\"og:site_name\" content=\"Medical Help Turkey\" \/>\n<meta property=\"article:publisher\" content=\"https:\/\/www.facebook.com\/medicalhelpturkey\" \/>\n<meta property=\"article:modified_time\" content=\"2020-02-03T11:06:06+00:00\" \/>\n<meta name=\"twitter:card\" content=\"summary_large_image\" \/>\n<meta name=\"twitter:site\" content=\"@medicalhelptr\" \/>\n<meta name=\"twitter:label1\" content=\"Tahmini okuma s\u00fcresi\" \/>\n\t<meta name=\"twitter:data1\" content=\"6 dakika\" \/>\n<script type=\"application\/ld+json\" class=\"yoast-schema-graph\">{\"@context\":\"https:\/\/schema.org\",\"@graph\":[{\"@type\":\"WebPage\",\"@id\":\"https:\/\/www.medicalhelpturkey.com\/tr\/transplantation-surgery\/\",\"url\":\"https:\/\/www.medicalhelpturkey.com\/tr\/transplantation-surgery\/\",\"name\":\"Transplantation Surgery - Medical Help Turkey\",\"isPartOf\":{\"@id\":\"https:\/\/www.medicalhelpturkey.com\/ar\/#website\"},\"datePublished\":\"2019-02-19T12:42:02+00:00\",\"dateModified\":\"2020-02-03T11:06:06+00:00\",\"breadcrumb\":{\"@id\":\"https:\/\/www.medicalhelpturkey.com\/tr\/transplantation-surgery\/#breadcrumb\"},\"inLanguage\":\"tr\",\"potentialAction\":[{\"@type\":\"ReadAction\",\"target\":[\"https:\/\/www.medicalhelpturkey.com\/tr\/transplantation-surgery\/\"]}]},{\"@type\":\"BreadcrumbList\",\"@id\":\"https:\/\/www.medicalhelpturkey.com\/tr\/transplantation-surgery\/#breadcrumb\",\"itemListElement\":[{\"@type\":\"ListItem\",\"position\":1,\"name\":\"Home\",\"item\":\"https:\/\/www.medicalhelpturkey.com\/tr\/\"},{\"@type\":\"ListItem\",\"position\":2,\"name\":\"Transplantation Surgery\"}]},{\"@type\":\"WebSite\",\"@id\":\"https:\/\/www.medicalhelpturkey.com\/ar\/#website\",\"url\":\"https:\/\/www.medicalhelpturkey.com\/ar\/\",\"name\":\"Medical Help Turkey\",\"description\":\"We Help Patients Access Better Healthcare\",\"publisher\":{\"@id\":\"https:\/\/www.medicalhelpturkey.com\/ar\/#organization\"},\"potentialAction\":[{\"@type\":\"SearchAction\",\"target\":{\"@type\":\"EntryPoint\",\"urlTemplate\":\"https:\/\/www.medicalhelpturkey.com\/ar\/?s={search_term_string}\"},\"query-input\":{\"@type\":\"PropertyValueSpecification\",\"valueRequired\":true,\"valueName\":\"search_term_string\"}}],\"inLanguage\":\"tr\"},{\"@type\":\"Organization\",\"@id\":\"https:\/\/www.medicalhelpturkey.com\/ar\/#organization\",\"name\":\"Medical Help Turkey\",\"url\":\"https:\/\/www.medicalhelpturkey.com\/ar\/\",\"logo\":{\"@type\":\"ImageObject\",\"inLanguage\":\"tr\",\"@id\":\"https:\/\/www.medicalhelpturkey.com\/ar\/#\/schema\/logo\/image\/\",\"url\":\"https:\/\/www.medicalhelpturkey.com\/wp-content\/uploads\/2019\/01\/mht_logo_2_v2.png\",\"contentUrl\":\"https:\/\/www.medicalhelpturkey.com\/wp-content\/uploads\/2019\/01\/mht_logo_2_v2.png\",\"width\":270,\"height\":80,\"caption\":\"Medical Help Turkey\"},\"image\":{\"@id\":\"https:\/\/www.medicalhelpturkey.com\/ar\/#\/schema\/logo\/image\/\"},\"sameAs\":[\"https:\/\/www.facebook.com\/medicalhelpturkey\",\"https:\/\/x.com\/medicalhelptr\",\"https:\/\/www.instagram.com\/medicalhelpturkey\",\"https:\/\/linkedin.com\/company\/medical-help-turkey\"]}]}<\/script>\n<!-- \/ Yoast SEO Premium plugin. -->","yoast_head_json":{"title":"Transplantation Surgery - Medical Help Turkey","robots":{"index":"index","follow":"follow","max-snippet":"max-snippet:-1","max-image-preview":"max-image-preview:large","max-video-preview":"max-video-preview:-1"},"canonical":"https:\/\/www.medicalhelpturkey.com\/tr\/transplantation-surgery\/","og_locale":"tr_TR","og_type":"article","og_title":"Transplantation Surgery - Medical Help Turkey","og_url":"https:\/\/www.medicalhelpturkey.com\/tr\/transplantation-surgery\/","og_site_name":"Medical Help Turkey","article_publisher":"https:\/\/www.facebook.com\/medicalhelpturkey","article_modified_time":"2020-02-03T11:06:06+00:00","twitter_card":"summary_large_image","twitter_site":"@medicalhelptr","twitter_misc":{"Tahmini okuma s\u00fcresi":"6 dakika"},"schema":{"@context":"https:\/\/schema.org","@graph":[{"@type":"WebPage","@id":"https:\/\/www.medicalhelpturkey.com\/tr\/transplantation-surgery\/","url":"https:\/\/www.medicalhelpturkey.com\/tr\/transplantation-surgery\/","name":"Transplantation Surgery - Medical Help Turkey","isPartOf":{"@id":"https:\/\/www.medicalhelpturkey.com\/ar\/#website"},"datePublished":"2019-02-19T12:42:02+00:00","dateModified":"2020-02-03T11:06:06+00:00","breadcrumb":{"@id":"https:\/\/www.medicalhelpturkey.com\/tr\/transplantation-surgery\/#breadcrumb"},"inLanguage":"tr","potentialAction":[{"@type":"ReadAction","target":["https:\/\/www.medicalhelpturkey.com\/tr\/transplantation-surgery\/"]}]},{"@type":"BreadcrumbList","@id":"https:\/\/www.medicalhelpturkey.com\/tr\/transplantation-surgery\/#breadcrumb","itemListElement":[{"@type":"ListItem","position":1,"name":"Home","item":"https:\/\/www.medicalhelpturkey.com\/tr\/"},{"@type":"ListItem","position":2,"name":"Transplantation Surgery"}]},{"@type":"WebSite","@id":"https:\/\/www.medicalhelpturkey.com\/ar\/#website","url":"https:\/\/www.medicalhelpturkey.com\/ar\/","name":"Medical Help Turkey","description":"We Help Patients Access Better Healthcare","publisher":{"@id":"https:\/\/www.medicalhelpturkey.com\/ar\/#organization"},"potentialAction":[{"@type":"SearchAction","target":{"@type":"EntryPoint","urlTemplate":"https:\/\/www.medicalhelpturkey.com\/ar\/?s={search_term_string}"},"query-input":{"@type":"PropertyValueSpecification","valueRequired":true,"valueName":"search_term_string"}}],"inLanguage":"tr"},{"@type":"Organization","@id":"https:\/\/www.medicalhelpturkey.com\/ar\/#organization","name":"Medical Help Turkey","url":"https:\/\/www.medicalhelpturkey.com\/ar\/","logo":{"@type":"ImageObject","inLanguage":"tr","@id":"https:\/\/www.medicalhelpturkey.com\/ar\/#\/schema\/logo\/image\/","url":"https:\/\/www.medicalhelpturkey.com\/wp-content\/uploads\/2019\/01\/mht_logo_2_v2.png","contentUrl":"https:\/\/www.medicalhelpturkey.com\/wp-content\/uploads\/2019\/01\/mht_logo_2_v2.png","width":270,"height":80,"caption":"Medical Help Turkey"},"image":{"@id":"https:\/\/www.medicalhelpturkey.com\/ar\/#\/schema\/logo\/image\/"},"sameAs":["https:\/\/www.facebook.com\/medicalhelpturkey","https:\/\/x.com\/medicalhelptr","https:\/\/www.instagram.com\/medicalhelpturkey","https:\/\/linkedin.com\/company\/medical-help-turkey"]}]}},"_links":{"self":[{"href":"https:\/\/www.medicalhelpturkey.com\/tr\/wp-json\/wp\/v2\/pages\/4151","targetHints":{"allow":["GET"]}}],"collection":[{"href":"https:\/\/www.medicalhelpturkey.com\/tr\/wp-json\/wp\/v2\/pages"}],"about":[{"href":"https:\/\/www.medicalhelpturkey.com\/tr\/wp-json\/wp\/v2\/types\/page"}],"author":[{"embeddable":true,"href":"https:\/\/www.medicalhelpturkey.com\/tr\/wp-json\/wp\/v2\/users\/1"}],"replies":[{"embeddable":true,"href":"https:\/\/www.medicalhelpturkey.com\/tr\/wp-json\/wp\/v2\/comments?post=4151"}],"version-history":[{"count":1,"href":"https:\/\/www.medicalhelpturkey.com\/tr\/wp-json\/wp\/v2\/pages\/4151\/revisions"}],"predecessor-version":[{"id":4156,"href":"https:\/\/www.medicalhelpturkey.com\/tr\/wp-json\/wp\/v2\/pages\/4151\/revisions\/4156"}],"wp:attachment":[{"href":"https:\/\/www.medicalhelpturkey.com\/tr\/wp-json\/wp\/v2\/media?parent=4151"}],"curies":[{"name":"wp","href":"https:\/\/api.w.org\/{rel}","templated":true}]}}